{"id":1349,"date":"2023-08-07T21:55:13","date_gmt":"2023-08-07T21:55:13","guid":{"rendered":"https:\/\/tzlogistica.com\/?page_id=1349"},"modified":"2024-07-12T10:33:40","modified_gmt":"2024-07-12T16:33:40","slug":"almacenaje-temporal","status":"publish","type":"page","link":"https:\/\/tzlogistica.com\/en\/servicios\/almacenaje-temporal\/","title":{"rendered":"Temporary Storage"},"content":{"rendered":"<section class=\"wpb-content-wrapper\"><div class=\"vc_row wpb_row top-row vc_custom_1720102397150 porto-inner-container\" data-appear-animation=\"fadeInUp\" data-appear-animation-delay=\"300\" data-appear-animation-duration=\"1300\"><div class=\"porto-wrap-container container\"><div class=\"row\"><div class=\"vc_column_container col-md-12\"><div class=\"wpb_wrapper vc_column-inner\">\r\n\t<div class=\"wpb_single_image wpb_content_element vc_align_center  vc_custom_1720802018284  radio rad wpb_custom_81a4f7ef9830bf958462581aa01150fb\"><div class=\"wpb_wrapper\">\r\n\t\t\t\r\n\t\t\t<div class=\"vc_single_image-wrapper   vc_box_border_grey\"><img loading=\"lazy\" decoding=\"async\" width=\"2560\" height=\"720\" src=\"https:\/\/tzlogistica.com\/wp-content\/uploads\/2024\/07\/banners_Almacenaje-Temporal-scaled.jpg\" class=\"vc_single_image-img attachment-full\" alt=\"\" title=\"banners_Temporary Storage\" srcset=\"https:\/\/tzlogistica.com\/wp-content\/uploads\/2024\/07\/banners_Almacenaje-Temporal-scaled.jpg 2560w, https:\/\/tzlogistica.com\/wp-content\/uploads\/2024\/07\/banners_Almacenaje-Temporal-1024x288.jpg 1024w, https:\/\/tzlogistica.com\/wp-content\/uploads\/2024\/07\/banners_Almacenaje-Temporal-768x216.jpg 768w, https:\/\/tzlogistica.com\/wp-content\/uploads\/2024\/07\/banners_Almacenaje-Temporal-1536x432.jpg 1536w, https:\/\/tzlogistica.com\/wp-content\/uploads\/2024\/07\/banners_Almacenaje-Temporal-2048x576.jpg 2048w, https:\/\/tzlogistica.com\/wp-content\/uploads\/2024\/07\/banners_Almacenaje-Temporal-640x180.jpg 640w, https:\/\/tzlogistica.com\/wp-content\/uploads\/2024\/07\/banners_Almacenaje-Temporal-400x113.jpg 400w, https:\/\/tzlogistica.com\/wp-content\/uploads\/2024\/07\/banners_Almacenaje-Temporal-367x103.jpg 367w\" sizes=\"auto, (max-width: 2560px) 100vw, 2560px\" \/><\/div>\r\n\t\t<\/div>\r\n\t<\/div>\r\n<div class=\"vc_row wpb_row vc_inner row vc_custom_1720095881625\"><div class=\"vc_column_container col-md-6\" data-appear-animation=\"fadeInLeft\" data-appear-animation-delay=\"300\" data-appear-animation-duration=\"1200\"><div class=\"wpb_wrapper vc_column-inner\">\r\n\t<div class=\"wpb_text_column  wpb_custom_7c91d232724f73626cc933bd95b25ff0\" >\r\n\t\t<div class=\"wpb_wrapper\">\r\n\t\t\t<p style=\"text-align: left;\">Temporary storage is a <strong>logistics service<\/strong> that allows companies <strong style=\"color:#1C36B3;\">store your goods for a certain period of time<\/strong>.<\/p>\n<p style=\"text-align: left;\">This service is ideal for companies that need additional space to store their products during periods of high demand, to meet delivery deadlines or to carry out production or distribution processes. We provide storage space for our clients&#039; products or merchandise for a certain period of time.<\/p>\n\r\n\t\t<\/div>\r\n\t<\/div>\r\n<\/div><\/div><div class=\"vc_column_container col-md-6\" data-appear-animation=\"fadeInRight\" data-appear-animation-delay=\"300\" data-appear-animation-duration=\"1400\"><div class=\"wpb_wrapper vc_column-inner\">\r\n\t<div class=\"wpb_text_column  wpb_custom_7c91d232724f73626cc933bd95b25ff0\" >\r\n\t\t<div class=\"wpb_wrapper\">\r\n\t\t\t<p style=\"text-align: left;\">This service is especially useful when companies need to temporarily store their products due to lack of space in their own warehouse or as part of a distribution and logistics strategy.<\/p>\n<p style=\"text-align: left;\">Temporary storage can be used for different purposes, such as <strong style=\"color:#1C36B3;\">product consolidation, temporary storage of products before distribution, inventory management, product classification, among others<\/strong>.<\/p>\n\r\n\t\t<\/div>\r\n\t<\/div>\r\n<\/div><\/div><\/div><\/div><\/div><\/div><\/div><\/div><div class=\"vc_row wpb_row top-row vc_custom_1720096107418 porto-inner-container\"><div class=\"porto-wrap-container container\"><div class=\"row\"><div class=\"vc_column_container col-md-3\"><div class=\"wpb_wrapper vc_column-inner\"><\/div><\/div><div class=\"vc_column_container col-md-6\"><div class=\"wpb_wrapper vc_column-inner\"><h2 style=\"text-align: center\" data-plugin-animated-letters data-plugin-options=\"{&quot;startDelay&quot;:0,&quot;minWindowWidth&quot;:0,&quot;animationSpeed&quot;:150,&quot;animationName&quot;:&quot;typeWriter&quot;}\" class=\"vc_custom_heading wpb_custom_aa365bd5046e8294520b4e73732b9d15\" >Benefits of temporary storage<\/h2><\/div><\/div><div class=\"vc_column_container col-md-3\"><div class=\"wpb_wrapper vc_column-inner\"><\/div><\/div><\/div><\/div><\/div><div class=\"vc_row wpb_row top-row porto-inner-container\"><div class=\"porto-wrap-container container\"><div class=\"row\"><div class=\"vc_column_container col-md-4\" data-appear-animation=\"fadeInUp\" data-appear-animation-delay=\"200\"><div class=\"wpb_wrapper vc_column-inner\">\r\n\t<div class=\"wpb_single_image wpb_content_element vc_align_center  wpb_custom_81a4f7ef9830bf958462581aa01150fb\"><div class=\"wpb_wrapper\">\r\n\t\t\t\r\n\t\t\t<div class=\"vc_single_image-wrapper   vc_box_border_grey\"><img loading=\"lazy\" decoding=\"async\" width=\"1200\" height=\"1193\" src=\"https:\/\/tzlogistica.com\/wp-content\/uploads\/2024\/07\/beneficio1.webp\" class=\"vc_single_image-img attachment-full\" alt=\"\" title=\"benefit1\" srcset=\"https:\/\/tzlogistica.com\/wp-content\/uploads\/2024\/07\/beneficio1.webp 1200w, https:\/\/tzlogistica.com\/wp-content\/uploads\/2024\/07\/beneficio1-1024x1018.webp 1024w, https:\/\/tzlogistica.com\/wp-content\/uploads\/2024\/07\/beneficio1-768x764.webp 768w, https:\/\/tzlogistica.com\/wp-content\/uploads\/2024\/07\/beneficio1-640x636.webp 640w, https:\/\/tzlogistica.com\/wp-content\/uploads\/2024\/07\/beneficio1-400x398.webp 400w, https:\/\/tzlogistica.com\/wp-content\/uploads\/2024\/07\/beneficio1-367x365.webp 367w\" sizes=\"auto, (max-width: 1200px) 100vw, 1200px\" \/><\/div>\r\n\t\t<\/div>\r\n\t<\/div>\r\n<\/div><\/div><div class=\"vc_column_container col-md-4\" data-appear-animation=\"fadeInUp\" data-appear-animation-delay=\"300\" data-appear-animation-duration=\"1200\"><div class=\"wpb_wrapper vc_column-inner\">\r\n\t<div class=\"wpb_single_image wpb_content_element vc_align_center  wpb_custom_81a4f7ef9830bf958462581aa01150fb\"><div class=\"wpb_wrapper\">\r\n\t\t\t\r\n\t\t\t<div class=\"vc_single_image-wrapper   vc_box_border_grey\"><img loading=\"lazy\" decoding=\"async\" width=\"1200\" height=\"1190\" src=\"https:\/\/tzlogistica.com\/wp-content\/uploads\/2024\/07\/beneficio2.webp\" class=\"vc_single_image-img attachment-full\" alt=\"\" title=\"benefit2\" srcset=\"https:\/\/tzlogistica.com\/wp-content\/uploads\/2024\/07\/beneficio2.webp 1200w, https:\/\/tzlogistica.com\/wp-content\/uploads\/2024\/07\/beneficio2-1024x1015.webp 1024w, https:\/\/tzlogistica.com\/wp-content\/uploads\/2024\/07\/beneficio2-768x762.webp 768w, https:\/\/tzlogistica.com\/wp-content\/uploads\/2024\/07\/beneficio2-640x635.webp 640w, https:\/\/tzlogistica.com\/wp-content\/uploads\/2024\/07\/beneficio2-400x397.webp 400w, https:\/\/tzlogistica.com\/wp-content\/uploads\/2024\/07\/beneficio2-367x364.webp 367w\" sizes=\"auto, (max-width: 1200px) 100vw, 1200px\" \/><\/div>\r\n\t\t<\/div>\r\n\t<\/div>\r\n<\/div><\/div><div class=\"vc_column_container col-md-4\" data-appear-animation=\"fadeInUp\" data-appear-animation-delay=\"400\" data-appear-animation-duration=\"1400\"><div class=\"wpb_wrapper vc_column-inner\">\r\n\t<div class=\"wpb_single_image wpb_content_element vc_align_center  wpb_custom_81a4f7ef9830bf958462581aa01150fb\"><div class=\"wpb_wrapper\">\r\n\t\t\t\r\n\t\t\t<div class=\"vc_single_image-wrapper   vc_box_border_grey\"><img loading=\"lazy\" decoding=\"async\" width=\"1200\" height=\"1193\" src=\"https:\/\/tzlogistica.com\/wp-content\/uploads\/2024\/07\/beneficio3.webp\" class=\"vc_single_image-img attachment-full\" alt=\"\" title=\"benefit3\" srcset=\"https:\/\/tzlogistica.com\/wp-content\/uploads\/2024\/07\/beneficio3.webp 1200w, https:\/\/tzlogistica.com\/wp-content\/uploads\/2024\/07\/beneficio3-1024x1018.webp 1024w, https:\/\/tzlogistica.com\/wp-content\/uploads\/2024\/07\/beneficio3-768x764.webp 768w, https:\/\/tzlogistica.com\/wp-content\/uploads\/2024\/07\/beneficio3-640x636.webp 640w, https:\/\/tzlogistica.com\/wp-content\/uploads\/2024\/07\/beneficio3-400x398.webp 400w, https:\/\/tzlogistica.com\/wp-content\/uploads\/2024\/07\/beneficio3-367x365.webp 367w\" sizes=\"auto, (max-width: 1200px) 100vw, 1200px\" \/><\/div>\r\n\t\t<\/div>\r\n\t<\/div>\r\n<\/div><\/div><\/div><\/div><\/div><div class=\"vc_row wpb_row top-row vc_custom_1720097264302 porto-inner-container\"><div class=\"porto-wrap-container container\"><div class=\"row\"><div class=\"vc_column_container col-md-12\" data-appear-animation=\"fadeIn\" data-appear-animation-delay=\"200\"><div class=\"wpb_wrapper vc_column-inner\">\r\n\t<div class=\"wpb_text_column  wpb_custom_7c91d232724f73626cc933bd95b25ff0\" >\r\n\t\t<div class=\"wpb_wrapper\">\r\n\t\t\t<p style=\"text-align: center;\">At TZ Logistica we offer a high-quality contractual storage service that adapts to the needs of each client. Our warehouses are located in strategic areas, have the latest facilities and technology, and are managed by a team of experienced professionals.<\/p>\n\r\n\t\t<\/div>\r\n\t<\/div>\r\n<\/div><\/div><\/div><\/div><\/div><div class=\"vc_row wpb_row top-row porto-inner-container\"><div class=\"porto-wrap-container container\"><div class=\"row align-items-center vc_column-gap-35\"><div class=\"vc_column_container col-md-6\" data-appear-animation=\"fadeInLeft\" data-appear-animation-delay=\"200\" data-appear-animation-duration=\"1200\"><div class=\"wpb_wrapper vc_column-inner\">\r\n\t<div class=\"wpb_single_image wpb_content_element vc_align_center   imagen-chico wpb_custom_81a4f7ef9830bf958462581aa01150fb\"><div class=\"wpb_wrapper\">\r\n\t\t\t\r\n\t\t\t<div class=\"vc_single_image-wrapper   vc_box_border_grey\"><img loading=\"lazy\" decoding=\"async\" width=\"1280\" height=\"1492\" src=\"https:\/\/tzlogistica.com\/wp-content\/uploads\/2024\/07\/chico-almacen-tz.webp\" class=\"vc_single_image-img attachment-full\" alt=\"\" title=\"tz warehouse boy\" srcset=\"https:\/\/tzlogistica.com\/wp-content\/uploads\/2024\/07\/chico-almacen-tz.webp 1280w, https:\/\/tzlogistica.com\/wp-content\/uploads\/2024\/07\/chico-almacen-tz-878x1024.webp 878w, https:\/\/tzlogistica.com\/wp-content\/uploads\/2024\/07\/chico-almacen-tz-768x895.webp 768w, https:\/\/tzlogistica.com\/wp-content\/uploads\/2024\/07\/chico-almacen-tz-640x746.webp 640w, https:\/\/tzlogistica.com\/wp-content\/uploads\/2024\/07\/chico-almacen-tz-400x466.webp 400w, https:\/\/tzlogistica.com\/wp-content\/uploads\/2024\/07\/chico-almacen-tz-367x428.webp 367w\" sizes=\"auto, (max-width: 1280px) 100vw, 1280px\" \/><\/div>\r\n\t\t<\/div>\r\n\t<\/div>\r\n<\/div><\/div><div class=\"vc_column_container col-md-6\"><div class=\"wpb_wrapper vc_column-inner\"><h2  data-plugin-animated-letters data-plugin-options=\"{&quot;startDelay&quot;:0,&quot;minWindowWidth&quot;:0,&quot;animationSpeed&quot;:200,&quot;animationName&quot;:&quot;typeWriter&quot;}\" class=\"vc_custom_heading vc_custom_1720102360752 wpb_custom_aa365bd5046e8294520b4e73732b9d15 align-left\" >Range of services<\/h2>\r\n\t<div class=\"wpb_text_column  wpb_animate_when_almost_visible wpb_fadeInRight fadeInRight wpb_custom_7c91d232724f73626cc933bd95b25ff0\" >\r\n\t\t<div class=\"wpb_wrapper\">\r\n\t\t\t<ul>\n<li><strong style=\"color: #1c36b3;\">Storage of palletized products:<\/strong> We store your products on pallets, which allows us to optimize the available space and facilitate handling and transportation operations.<\/li>\n<li><strong style=\"color: #1c36b3;\">Storage of bulk products:<\/strong> We store your products in bulk, which allows us to offer a more economical and efficient service.<\/li>\n<li><strong style=\"color: #1c36b3;\">Storage of high value products:<\/strong> We offer customized storage solutions for high-value products, which guarantee their safety and protection.<\/li>\n<\/ul>\n\r\n\t\t<\/div>\r\n\t<\/div>\r\n<div class=\"porto-btn-ctn-left\" data-appear-animation=\"fadeInUp\" data-appear-animation-delay=\"300\"><a class=\"porto-btn  vc_custom_1720102574082 porto-adjust-bottom-margin porto-btn-normal porto-btn-top-bg   wpb_custom_6be9de290bd5f99d002ee83e1275fec0  porto-btn-left\" data-hover=\"#ffffff\" data-border-color=\"\" data-bg=\"#1c36b3\" data-hover-bg=\"#0e29b2\" data-border-hover=\"\" data-shadow-click=\"none\" data-shadow=\"\" style=\"border:none;background: #1c36b3;color: #ffffff;\"><span class=\"porto-btn-hover\" style=\"background-color:#0e29b2\"><\/span><span class=\"porto-btn-data porto-btn-text\" >REQUEST INFORMATION<\/span><\/a><\/div><\/div><\/div><\/div><\/div><\/div>\n<\/section>","protected":false},"excerpt":{"rendered":"Temporary storage is a logistics service that allows companies to store their goods for a certain period of time. This service is ideal for companies that need additional space to store their products during periods of high demand, to meet delivery deadlines or to carry out production or storage processes.","protected":false},"author":1,"featured_media":0,"parent":1093,"menu_order":0,"comment_status":"closed","ping_status":"closed","template":"","meta":{"footnotes":""},"class_list":["post-1349","page","type-page","status-publish","hentry"],"yoast_head":"<!-- This site is optimized with the Yoast SEO Premium plugin v20.12 (Yoast SEO v20.12) - https:\/\/yoast.com\/wordpress\/plugins\/seo\/ -->\n<title>Almacenaje Temporal - Log\u00edstica, Almacenamiento y Distribuci\u00f3n en el Sureste de M\u00e9xico | TZ Log\u00edstica<\/title>\n<meta name=\"description\" content=\"\u00bfNecesitas un espacio para almacenar tus mercanc\u00edas de forma temporal? TZ Log\u00edstica ofrece un servicio de almacenaje temporal de alta calidad\" \/>\n<meta name=\"robots\" content=\"index, follow, max-snippet:-1, max-image-preview:large, max-video-preview:-1\" \/>\n<link rel=\"canonical\" href=\"https:\/\/tzlogistica.com\/en\/servicios\/almacenaje-temporal\/\" \/>\n<meta property=\"og:locale\" content=\"en_US\" \/>\n<meta property=\"og:type\" content=\"article\" \/>\n<meta property=\"og:title\" content=\"Almacenaje Temporal\" \/>\n<meta property=\"og:description\" content=\"\u00bfNecesitas un espacio para almacenar tus mercanc\u00edas de forma temporal? TZ Log\u00edstica ofrece un servicio de almacenaje temporal de alta calidad\" \/>\n<meta property=\"og:url\" content=\"https:\/\/tzlogistica.com\/en\/servicios\/almacenaje-temporal\/\" \/>\n<meta property=\"og:site_name\" content=\"Log\u00edstica, Almacenamiento y Distribuci\u00f3n en el Sureste de M\u00e9xico | TZ Log\u00edstica\" \/>\n<meta property=\"article:publisher\" content=\"https:\/\/www.facebook.com\/TZlogistica\" \/>\n<meta property=\"article:modified_time\" content=\"2024-07-12T16:33:40+00:00\" \/>\n<meta property=\"og:image\" content=\"https:\/\/tzlogistica.com\/wp-content\/uploads\/2024\/07\/bodegas-personal-tz.webp\" \/>\n\t<meta property=\"og:image:width\" content=\"1980\" \/>\n\t<meta property=\"og:image:height\" content=\"1011\" \/>\n\t<meta property=\"og:image:type\" content=\"image\/webp\" \/>\n<meta name=\"twitter:card\" content=\"summary_large_image\" \/>\n<meta name=\"twitter:label1\" content=\"Est. reading time\" \/>\n\t<meta name=\"twitter:data1\" content=\"2 minutes\" \/>\n<script type=\"application\/ld+json\" class=\"yoast-schema-graph\">{\"@context\":\"https:\/\/schema.org\",\"@graph\":[{\"@type\":\"WebPage\",\"@id\":\"https:\/\/tzlogistica.com\/servicios\/almacenaje-temporal\/\",\"url\":\"https:\/\/tzlogistica.com\/servicios\/almacenaje-temporal\/\",\"name\":\"Almacenaje Temporal - Log\u00edstica, Almacenamiento y Distribuci\u00f3n en el Sureste de M\u00e9xico | TZ Log\u00edstica\",\"isPartOf\":{\"@id\":\"https:\/\/tzlogistica.com\/#website\"},\"datePublished\":\"2023-08-07T21:55:13+00:00\",\"dateModified\":\"2024-07-12T16:33:40+00:00\",\"description\":\"\u00bfNecesitas un espacio para almacenar tus mercanc\u00edas de forma temporal? TZ Log\u00edstica ofrece un servicio de almacenaje temporal de alta calidad\",\"breadcrumb\":{\"@id\":\"https:\/\/tzlogistica.com\/servicios\/almacenaje-temporal\/#breadcrumb\"},\"inLanguage\":\"en-US\",\"potentialAction\":[{\"@type\":\"ReadAction\",\"target\":[\"https:\/\/tzlogistica.com\/servicios\/almacenaje-temporal\/\"]}]},{\"@type\":\"BreadcrumbList\",\"@id\":\"https:\/\/tzlogistica.com\/servicios\/almacenaje-temporal\/#breadcrumb\",\"itemListElement\":[{\"@type\":\"ListItem\",\"position\":1,\"name\":\"Home\",\"item\":\"https:\/\/tzlogistica.com\/\"},{\"@type\":\"ListItem\",\"position\":2,\"name\":\"Servicios\",\"item\":\"https:\/\/tzlogistica.com\/servicios\/\"},{\"@type\":\"ListItem\",\"position\":3,\"name\":\"Almacenaje Temporal\"}]},{\"@type\":\"WebSite\",\"@id\":\"https:\/\/tzlogistica.com\/#website\",\"url\":\"https:\/\/tzlogistica.com\/\",\"name\":\"LOGISTICA INTEGRAL EN EL SURESTE DE M\u00c9XICO. ALMACENAMIENTO Y TRANSPORTE A LA MEDIDA. OPTIMIZA TU CADENA DE SUMINISTRO\",\"description\":\"Soluciones integrales de log\u00edstica, almacenamiento y distribuci\u00f3n en el sureste de M\u00e9xico. Optimizamos tu operaci\u00f3n con eficiencia y control.\",\"publisher\":{\"@id\":\"https:\/\/tzlogistica.com\/#organization\"},\"alternateName\":\"Log\u00edstica TZ - LOGISTICA INTEGRAL EN EL SURESTE DE M\u00c9XICO. ALMACENAMIENTO Y TRANSPORTE A LA MEDIDA. OPTIMIZA TU CADENA DE SUMINISTRO\",\"potentialAction\":[{\"@type\":\"SearchAction\",\"target\":{\"@type\":\"EntryPoint\",\"urlTemplate\":\"https:\/\/tzlogistica.com\/?s={search_term_string}\"},\"query-input\":\"required name=search_term_string\"}],\"inLanguage\":\"en-US\"},{\"@type\":\"Organization\",\"@id\":\"https:\/\/tzlogistica.com\/#organization\",\"name\":\"LOGISTICA INTEGRAL EN EL SURESTE DE M\u00c9XICO. ALMACENAMIENTO Y TRANSPORTE A LA MEDIDA. OPTIMIZA TU CADENA DE SUMINISTRO\",\"alternateName\":\"Log\u00edstica TZ - Servicios de log\u00edstica y transporte\",\"url\":\"https:\/\/tzlogistica.com\/\",\"logo\":{\"@type\":\"ImageObject\",\"inLanguage\":\"en-US\",\"@id\":\"https:\/\/tzlogistica.com\/#\/schema\/logo\/image\/\",\"url\":\"https:\/\/tzlogistica.com\/wp-content\/uploads\/2023\/03\/logoTZ-1.png\",\"contentUrl\":\"https:\/\/tzlogistica.com\/wp-content\/uploads\/2023\/03\/logoTZ-1.png\",\"width\":550,\"height\":550,\"caption\":\"LOGISTICA INTEGRAL EN EL SURESTE DE M\u00c9XICO. ALMACENAMIENTO Y TRANSPORTE A LA MEDIDA. OPTIMIZA TU CADENA DE SUMINISTRO\"},\"image\":{\"@id\":\"https:\/\/tzlogistica.com\/#\/schema\/logo\/image\/\"},\"sameAs\":[\"https:\/\/www.facebook.com\/TZlogistica\",\"https:\/\/www.instagram.com\/tzlogistica\/\",\"https:\/\/www.linkedin.com\/in\/jorge-zozaya\/\"],\"publishingPrinciples\":\"https:\/\/tzlogistica.com\/nosotros\/\",\"ownershipFundingInfo\":\"https:\/\/tzlogistica.com\/equipo\/\"}]}<\/script>\n<!-- \/ Yoast SEO Premium plugin. -->","yoast_head_json":{"title":"Almacenaje Temporal - Log\u00edstica, Almacenamiento y Distribuci\u00f3n en el Sureste de M\u00e9xico | TZ Log\u00edstica","description":"\u00bfNecesitas un espacio para almacenar tus mercanc\u00edas de forma temporal? TZ Log\u00edstica ofrece un servicio de almacenaje temporal de alta calidad","robots":{"index":"index","follow":"follow","max-snippet":"max-snippet:-1","max-image-preview":"max-image-preview:large","max-video-preview":"max-video-preview:-1"},"canonical":"https:\/\/tzlogistica.com\/en\/servicios\/almacenaje-temporal\/","og_locale":"en_US","og_type":"article","og_title":"Almacenaje Temporal","og_description":"\u00bfNecesitas un espacio para almacenar tus mercanc\u00edas de forma temporal? TZ Log\u00edstica ofrece un servicio de almacenaje temporal de alta calidad","og_url":"https:\/\/tzlogistica.com\/en\/servicios\/almacenaje-temporal\/","og_site_name":"Log\u00edstica, Almacenamiento y Distribuci\u00f3n en el Sureste de M\u00e9xico | TZ Log\u00edstica","article_publisher":"https:\/\/www.facebook.com\/TZlogistica","article_modified_time":"2024-07-12T16:33:40+00:00","og_image":[{"width":1980,"height":1011,"url":"https:\/\/tzlogistica.com\/wp-content\/uploads\/2024\/07\/bodegas-personal-tz.webp","type":"image\/webp"}],"twitter_card":"summary_large_image","twitter_misc":{"Est. reading time":"2 minutes"},"schema":{"@context":"https:\/\/schema.org","@graph":[{"@type":"WebPage","@id":"https:\/\/tzlogistica.com\/servicios\/almacenaje-temporal\/","url":"https:\/\/tzlogistica.com\/servicios\/almacenaje-temporal\/","name":"Almacenaje Temporal - Log\u00edstica, Almacenamiento y Distribuci\u00f3n en el Sureste de M\u00e9xico | TZ Log\u00edstica","isPartOf":{"@id":"https:\/\/tzlogistica.com\/#website"},"datePublished":"2023-08-07T21:55:13+00:00","dateModified":"2024-07-12T16:33:40+00:00","description":"\u00bfNecesitas un espacio para almacenar tus mercanc\u00edas de forma temporal? TZ Log\u00edstica ofrece un servicio de almacenaje temporal de alta calidad","breadcrumb":{"@id":"https:\/\/tzlogistica.com\/servicios\/almacenaje-temporal\/#breadcrumb"},"inLanguage":"en-US","potentialAction":[{"@type":"ReadAction","target":["https:\/\/tzlogistica.com\/servicios\/almacenaje-temporal\/"]}]},{"@type":"BreadcrumbList","@id":"https:\/\/tzlogistica.com\/servicios\/almacenaje-temporal\/#breadcrumb","itemListElement":[{"@type":"ListItem","position":1,"name":"Home","item":"https:\/\/tzlogistica.com\/"},{"@type":"ListItem","position":2,"name":"Servicios","item":"https:\/\/tzlogistica.com\/servicios\/"},{"@type":"ListItem","position":3,"name":"Almacenaje Temporal"}]},{"@type":"WebSite","@id":"https:\/\/tzlogistica.com\/#website","url":"https:\/\/tzlogistica.com\/","name":"LOGISTICA INTEGRAL EN EL SURESTE DE M\u00c9XICO. ALMACENAMIENTO Y TRANSPORTE A LA MEDIDA. OPTIMIZA TU CADENA DE SUMINISTRO","description":"Soluciones integrales de log\u00edstica, almacenamiento y distribuci\u00f3n en el sureste de M\u00e9xico. Optimizamos tu operaci\u00f3n con eficiencia y control.","publisher":{"@id":"https:\/\/tzlogistica.com\/#organization"},"alternateName":"Log\u00edstica TZ - LOGISTICA INTEGRAL EN EL SURESTE DE M\u00c9XICO. ALMACENAMIENTO Y TRANSPORTE A LA MEDIDA. OPTIMIZA TU CADENA DE SUMINISTRO","potentialAction":[{"@type":"SearchAction","target":{"@type":"EntryPoint","urlTemplate":"https:\/\/tzlogistica.com\/?s={search_term_string}"},"query-input":"required name=search_term_string"}],"inLanguage":"en-US"},{"@type":"Organization","@id":"https:\/\/tzlogistica.com\/#organization","name":"LOGISTICA INTEGRAL EN EL SURESTE DE M\u00c9XICO. ALMACENAMIENTO Y TRANSPORTE A LA MEDIDA. OPTIMIZA TU CADENA DE SUMINISTRO","alternateName":"Log\u00edstica TZ - Servicios de log\u00edstica y transporte","url":"https:\/\/tzlogistica.com\/","logo":{"@type":"ImageObject","inLanguage":"en-US","@id":"https:\/\/tzlogistica.com\/#\/schema\/logo\/image\/","url":"https:\/\/tzlogistica.com\/wp-content\/uploads\/2023\/03\/logoTZ-1.png","contentUrl":"https:\/\/tzlogistica.com\/wp-content\/uploads\/2023\/03\/logoTZ-1.png","width":550,"height":550,"caption":"LOGISTICA INTEGRAL EN EL SURESTE DE M\u00c9XICO. ALMACENAMIENTO Y TRANSPORTE A LA MEDIDA. OPTIMIZA TU CADENA DE SUMINISTRO"},"image":{"@id":"https:\/\/tzlogistica.com\/#\/schema\/logo\/image\/"},"sameAs":["https:\/\/www.facebook.com\/TZlogistica","https:\/\/www.instagram.com\/tzlogistica\/","https:\/\/www.linkedin.com\/in\/jorge-zozaya\/"],"publishingPrinciples":"https:\/\/tzlogistica.com\/nosotros\/","ownershipFundingInfo":"https:\/\/tzlogistica.com\/equipo\/"}]}},"_links":{"self":[{"href":"https:\/\/tzlogistica.com\/en\/wp-json\/wp\/v2\/pages\/1349","targetHints":{"allow":["GET"]}}],"collection":[{"href":"https:\/\/tzlogistica.com\/en\/wp-json\/wp\/v2\/pages"}],"about":[{"href":"https:\/\/tzlogistica.com\/en\/wp-json\/wp\/v2\/types\/page"}],"author":[{"embeddable":true,"href":"https:\/\/tzlogistica.com\/en\/wp-json\/wp\/v2\/users\/1"}],"replies":[{"embeddable":true,"href":"https:\/\/tzlogistica.com\/en\/wp-json\/wp\/v2\/comments?post=1349"}],"version-history":[{"count":28,"href":"https:\/\/tzlogistica.com\/en\/wp-json\/wp\/v2\/pages\/1349\/revisions"}],"predecessor-version":[{"id":2388,"href":"https:\/\/tzlogistica.com\/en\/wp-json\/wp\/v2\/pages\/1349\/revisions\/2388"}],"up":[{"embeddable":true,"href":"https:\/\/tzlogistica.com\/en\/wp-json\/wp\/v2\/pages\/1093"}],"wp:attachment":[{"href":"https:\/\/tzlogistica.com\/en\/wp-json\/wp\/v2\/media?parent=1349"}],"curies":[{"name":"wp","href":"https:\/\/api.w.org\/{rel}","templated":true}]}}