{"id":1352,"date":"2023-08-07T21:55:43","date_gmt":"2023-08-07T21:55:43","guid":{"rendered":"https:\/\/tzlogistica.com\/?page_id=1352"},"modified":"2023-11-04T13:06:39","modified_gmt":"2023-11-04T19:06:39","slug":"almacenaje-contractural-almacenaje-a-largo-plazo","status":"publish","type":"page","link":"https:\/\/tzlogistica.com\/en\/servicios\/almacenaje-contractural-almacenaje-a-largo-plazo\/","title":{"rendered":"Contractural Storage"},"content":{"rendered":"<section class=\"wpb-content-wrapper\"><div data-vc-full-width=\"true\" data-vc-full-width-init=\"false\" data-vc-stretch-content=\"true\" class=\"vc_row wpb_row row top-row\"><div class=\"vc_column_container col-md-12\"><div class=\"wpb_wrapper vc_column-inner\">\r\n\t<div class=\"wpb_text_column  wpb_custom_7c91d232724f73626cc933bd95b25ff0\" >\r\n\t\t<div class=\"wpb_wrapper\">\r\n\t\t\t<div class=\"porto-block\" data-id=\"1575\"><style>.vc_custom_1699124597525{padding-top: 100px !important;padding-bottom: 150px !important;background-image: url(https:\/\/tzlogistica.com\/wp-content\/uploads\/2023\/11\/BannersAlmacenaje_contractural-jpg.webp?id=1576) !important;background-position: center !important;background-repeat: no-repeat !important;background-size: cover !important;}<\/style><div data-vc-full-width=\"true\" data-vc-full-width-init=\"false\" data-vc-stretch-content=\"true\" class=\"vc_row wpb_row row top-row vc_custom_1699124597525 vc_row-has-fill vc_row-no-padding\"><div class=\"vc_column_container col-md-12\"><div class=\"wpb_wrapper vc_column-inner\"><\/div><\/div><\/div><div class=\"vc_row-full-width vc_clearfix\"><\/div>\r\n<\/div>\n\r\n\t\t<\/div>\r\n\t<\/div>\r\n<\/div><\/div><\/div><div class=\"vc_row-full-width vc_clearfix\"><\/div><div class=\"vc_row wpb_row row top-row\"><div class=\"vc_column_container col-md-12\"><div class=\"wpb_wrapper vc_column-inner\">\r\n\t<div class=\"wpb_text_column  wpb_custom_7c91d232724f73626cc933bd95b25ff0\" >\r\n\t\t<div class=\"wpb_wrapper\">\r\n\t\t\t<p style=\"font-weight: 400; text-align: justify;\">We provide customized storage spaces for an extended period of time on a contract basis.<\/p>\n<p style=\"font-weight: 400; text-align: justify;\">Contractual storage is a logistics service that adapts to the specific needs of each company.<\/p>\n<p style=\"font-weight: 400; text-align: justify;\">This service is ideal for companies that need a long-term storage service for their products, either to meet delivery deadlines, to carry out production or distribution processes, or to reduce their logistics costs.<\/p>\n<p style=\"font-weight: 400; text-align: justify;\">Contractual warehousing is ideal for businesses that need to manage large volumes of inventory or have products that require specific, secure storage, such as pharmaceuticals, chemicals or food products.<\/p>\n<h2 style=\"font-weight: 400; text-align: justify;\">Benefits of long-term storage:<\/h2>\n<p style=\"font-weight: 400; text-align: justify;\">Contractual storage offers a series of benefits for companies, including:<\/p>\n<ul>\n<li style=\"text-align: justify;\"><strong>Security and protection of goods: <\/strong>Contractual storage is carried out in specialized facilities that have the latest security and protection measures to guarantee the integrity of the goods.<\/li>\n<li style=\"text-align: justify;\"><strong>Flexibility: <\/strong>Contractual storage is adapted to the specific needs of each company, so it can be a tailored solution for any type of business.<\/li>\n<li style=\"text-align: justify;\"><strong>Cost reduction: <\/strong>Contractual warehousing can help companies reduce their logistics costs by allowing them to store their products closer to their customers.<\/li>\n<\/ul>\n\r\n\t\t<\/div>\r\n\t<\/div>\r\n\r\n\t<div class=\"wpb_text_column  wpb_custom_7c91d232724f73626cc933bd95b25ff0\" >\r\n\t\t<div class=\"wpb_wrapper\">\r\n\t\t\t<div class=\"porto-block\" data-id=\"1507\"><style>.wpb_custom_6be9de290bd5f99d002ee83e1275fec0.porto-btn{font-weight:500;font-size:16px;}<\/style><div class=\"vc_row wpb_row row top-row\" data-appear-animation=\"fadeInDown\" data-appear-animation-delay=\"200\"><div class=\"vc_column_container col-md-12\"><div class=\"wpb_wrapper vc_column-inner\">\r\n\t<div class=\"wpb_text_column  wpb_custom_7c91d232724f73626cc933bd95b25ff0\" >\r\n\t\t<div class=\"wpb_wrapper\">\r\n\t\t\t<p style=\"font-weight: 400; text-align: justify;\">In <strong style=\"color: #1c36b3;\">TZ Logistics<\/strong> We offer a high-quality contractual storage service that adapts to the needs of each client. Our warehouses are located in strategic areas, have the latest facilities and technology, and are managed by a team of experienced professionals.<\/p>\n<p style=\"font-weight: 400; text-align: justify;\">We offer a wide range of services including:<\/p>\n<ul>\n<li style=\"text-align: justify;\"><strong style=\"color: #1c36b3;\">Storage of palletized products: <\/strong>We store your products on pallets, which allows us to optimize the available space and facilitate handling and transportation operations.<\/li>\n<li style=\"text-align: justify;\"><strong style=\"color: #1c36b3;\">Storage of bulk products: <\/strong>We store your products in bulk, which allows us to offer a more economical and efficient service.<\/li>\n<li style=\"text-align: justify;\"><strong style=\"color: #1c36b3;\">Storage of high value products: <\/strong>We offer customized storage solutions for high-value products, which guarantee their safety and protection.<\/li>\n<\/ul>\n\r\n\t\t<\/div>\r\n\t<\/div>\r\n<div class=\"porto-btn-ctn-left\" data-appear-animation=\"fadeInUp\" data-appear-animation-delay=\"300\"><a class=\"porto-btn porto-adjust-bottom-margin porto-btn-normal porto-btn-top-bg   wpb_custom_6be9de290bd5f99d002ee83e1275fec0  porto-btn-left\"  rel='' href = \"https:\/\/tzlogistica.com\/en\/contacto\/\"  data-hover=\"#ffffff\" data-border-color=\"\" data-bg=\"#1c36b3\" data-hover-bg=\"#0e29b2\" data-border-hover=\"\" data-shadow-click=\"none\" data-shadow=\"\" style=\"border:none;background: #1c36b3;color: #ffffff;\"><span class=\"porto-btn-hover\" style=\"background-color:#0e29b2\"><\/span><span class=\"porto-btn-data porto-btn-text\" >REQUEST INFORMATION<\/span><\/a><\/div><\/div><\/div><\/div><\/div>\n\r\n\t\t<\/div>\r\n\t<\/div>\r\n<\/div><\/div><\/div>\n<\/section>","protected":false},"excerpt":{"rendered":"We provide customized storage spaces for a long period of time on a contract basis. Contractual storage is a logistics service that is tailored to the specific needs of each company. This service is ideal for companies that need a long-term storage service for their products, whether to meet deadlines or to [...]","protected":false},"author":1,"featured_media":0,"parent":1093,"menu_order":0,"comment_status":"closed","ping_status":"closed","template":"","meta":{"footnotes":""},"class_list":["post-1352","page","type-page","status-publish","hentry"],"yoast_head":"<!-- This site is optimized with the Yoast SEO Premium plugin v20.12 (Yoast SEO v20.12) - https:\/\/yoast.com\/wordpress\/plugins\/seo\/ -->\n<title>Almacenaje a largo plazo - Almacenaje Contractural - Log\u00edstica, Almacenamiento y Distribuci\u00f3n en el Sureste de M\u00e9xico | TZ Log\u00edstica<\/title>\n<meta name=\"description\" content=\"Almacenaje a largo plazo para empresas: ideal para empresas que necesitan un servicio de almacenaje a largo plazo \u00a1Obtenga una cotizaci\u00f3n!\" \/>\n<meta name=\"robots\" content=\"index, follow, max-snippet:-1, max-image-preview:large, max-video-preview:-1\" \/>\n<link rel=\"canonical\" href=\"https:\/\/tzlogistica.com\/en\/servicios\/almacenaje-contractural-almacenaje-a-largo-plazo\/\" \/>\n<meta property=\"og:locale\" content=\"en_US\" \/>\n<meta property=\"og:type\" content=\"article\" \/>\n<meta property=\"og:title\" content=\"Almacenaje Contractural\" \/>\n<meta property=\"og:description\" content=\"Almacenaje a largo plazo para empresas: ideal para empresas que necesitan un servicio de almacenaje a largo plazo \u00a1Obtenga una cotizaci\u00f3n!\" \/>\n<meta property=\"og:url\" content=\"https:\/\/tzlogistica.com\/en\/servicios\/almacenaje-contractural-almacenaje-a-largo-plazo\/\" \/>\n<meta property=\"og:site_name\" content=\"Log\u00edstica, Almacenamiento y Distribuci\u00f3n en el Sureste de M\u00e9xico | TZ Log\u00edstica\" \/>\n<meta property=\"article:publisher\" content=\"https:\/\/www.facebook.com\/TZlogistica\" \/>\n<meta property=\"article:modified_time\" content=\"2023-11-04T19:06:39+00:00\" \/>\n<meta property=\"og:image\" content=\"https:\/\/tzlogistica.com\/wp-content\/uploads\/2024\/07\/bodegas-personal-tz.webp\" \/>\n\t<meta property=\"og:image:width\" content=\"1980\" \/>\n\t<meta property=\"og:image:height\" content=\"1011\" \/>\n\t<meta property=\"og:image:type\" content=\"image\/webp\" \/>\n<meta name=\"twitter:card\" content=\"summary_large_image\" \/>\n<meta name=\"twitter:label1\" content=\"Est. reading time\" \/>\n\t<meta name=\"twitter:data1\" content=\"2 minutes\" \/>\n<script type=\"application\/ld+json\" class=\"yoast-schema-graph\">{\"@context\":\"https:\/\/schema.org\",\"@graph\":[{\"@type\":\"WebPage\",\"@id\":\"https:\/\/tzlogistica.com\/servicios\/almacenaje-contractural-almacenaje-a-largo-plazo\/\",\"url\":\"https:\/\/tzlogistica.com\/servicios\/almacenaje-contractural-almacenaje-a-largo-plazo\/\",\"name\":\"Almacenaje a largo plazo - Almacenaje Contractural - Log\u00edstica, Almacenamiento y Distribuci\u00f3n en el Sureste de M\u00e9xico | TZ Log\u00edstica\",\"isPartOf\":{\"@id\":\"https:\/\/tzlogistica.com\/#website\"},\"datePublished\":\"2023-08-07T21:55:43+00:00\",\"dateModified\":\"2023-11-04T19:06:39+00:00\",\"description\":\"Almacenaje a largo plazo para empresas: ideal para empresas que necesitan un servicio de almacenaje a largo plazo \u00a1Obtenga una cotizaci\u00f3n!\",\"breadcrumb\":{\"@id\":\"https:\/\/tzlogistica.com\/servicios\/almacenaje-contractural-almacenaje-a-largo-plazo\/#breadcrumb\"},\"inLanguage\":\"en-US\",\"potentialAction\":[{\"@type\":\"ReadAction\",\"target\":[\"https:\/\/tzlogistica.com\/servicios\/almacenaje-contractural-almacenaje-a-largo-plazo\/\"]}]},{\"@type\":\"BreadcrumbList\",\"@id\":\"https:\/\/tzlogistica.com\/servicios\/almacenaje-contractural-almacenaje-a-largo-plazo\/#breadcrumb\",\"itemListElement\":[{\"@type\":\"ListItem\",\"position\":1,\"name\":\"Home\",\"item\":\"https:\/\/tzlogistica.com\/\"},{\"@type\":\"ListItem\",\"position\":2,\"name\":\"Servicios\",\"item\":\"https:\/\/tzlogistica.com\/servicios\/\"},{\"@type\":\"ListItem\",\"position\":3,\"name\":\"Almacenaje Contractural\"}]},{\"@type\":\"WebSite\",\"@id\":\"https:\/\/tzlogistica.com\/#website\",\"url\":\"https:\/\/tzlogistica.com\/\",\"name\":\"LOGISTICA INTEGRAL EN EL SURESTE DE M\u00c9XICO. ALMACENAMIENTO Y TRANSPORTE A LA MEDIDA. OPTIMIZA TU CADENA DE SUMINISTRO\",\"description\":\"Soluciones integrales de log\u00edstica, almacenamiento y distribuci\u00f3n en el sureste de M\u00e9xico. Optimizamos tu operaci\u00f3n con eficiencia y control.\",\"publisher\":{\"@id\":\"https:\/\/tzlogistica.com\/#organization\"},\"alternateName\":\"Log\u00edstica TZ - LOGISTICA INTEGRAL EN EL SURESTE DE M\u00c9XICO. ALMACENAMIENTO Y TRANSPORTE A LA MEDIDA. OPTIMIZA TU CADENA DE SUMINISTRO\",\"potentialAction\":[{\"@type\":\"SearchAction\",\"target\":{\"@type\":\"EntryPoint\",\"urlTemplate\":\"https:\/\/tzlogistica.com\/?s={search_term_string}\"},\"query-input\":\"required name=search_term_string\"}],\"inLanguage\":\"en-US\"},{\"@type\":\"Organization\",\"@id\":\"https:\/\/tzlogistica.com\/#organization\",\"name\":\"LOGISTICA INTEGRAL EN EL SURESTE DE M\u00c9XICO. ALMACENAMIENTO Y TRANSPORTE A LA MEDIDA. OPTIMIZA TU CADENA DE SUMINISTRO\",\"alternateName\":\"Log\u00edstica TZ - Servicios de log\u00edstica y transporte\",\"url\":\"https:\/\/tzlogistica.com\/\",\"logo\":{\"@type\":\"ImageObject\",\"inLanguage\":\"en-US\",\"@id\":\"https:\/\/tzlogistica.com\/#\/schema\/logo\/image\/\",\"url\":\"https:\/\/tzlogistica.com\/wp-content\/uploads\/2023\/03\/logoTZ-1.png\",\"contentUrl\":\"https:\/\/tzlogistica.com\/wp-content\/uploads\/2023\/03\/logoTZ-1.png\",\"width\":550,\"height\":550,\"caption\":\"LOGISTICA INTEGRAL EN EL SURESTE DE M\u00c9XICO. ALMACENAMIENTO Y TRANSPORTE A LA MEDIDA. OPTIMIZA TU CADENA DE SUMINISTRO\"},\"image\":{\"@id\":\"https:\/\/tzlogistica.com\/#\/schema\/logo\/image\/\"},\"sameAs\":[\"https:\/\/www.facebook.com\/TZlogistica\",\"https:\/\/www.instagram.com\/tzlogistica\/\",\"https:\/\/www.linkedin.com\/in\/jorge-zozaya\/\"],\"publishingPrinciples\":\"https:\/\/tzlogistica.com\/nosotros\/\",\"ownershipFundingInfo\":\"https:\/\/tzlogistica.com\/equipo\/\"}]}<\/script>\n<!-- \/ Yoast SEO Premium plugin. -->","yoast_head_json":{"title":"Almacenaje a largo plazo - Almacenaje Contractural - Log\u00edstica, Almacenamiento y Distribuci\u00f3n en el Sureste de M\u00e9xico | TZ Log\u00edstica","description":"Almacenaje a largo plazo para empresas: ideal para empresas que necesitan un servicio de almacenaje a largo plazo \u00a1Obtenga una cotizaci\u00f3n!","robots":{"index":"index","follow":"follow","max-snippet":"max-snippet:-1","max-image-preview":"max-image-preview:large","max-video-preview":"max-video-preview:-1"},"canonical":"https:\/\/tzlogistica.com\/en\/servicios\/almacenaje-contractural-almacenaje-a-largo-plazo\/","og_locale":"en_US","og_type":"article","og_title":"Almacenaje Contractural","og_description":"Almacenaje a largo plazo para empresas: ideal para empresas que necesitan un servicio de almacenaje a largo plazo \u00a1Obtenga una cotizaci\u00f3n!","og_url":"https:\/\/tzlogistica.com\/en\/servicios\/almacenaje-contractural-almacenaje-a-largo-plazo\/","og_site_name":"Log\u00edstica, Almacenamiento y Distribuci\u00f3n en el Sureste de M\u00e9xico | TZ Log\u00edstica","article_publisher":"https:\/\/www.facebook.com\/TZlogistica","article_modified_time":"2023-11-04T19:06:39+00:00","og_image":[{"width":1980,"height":1011,"url":"https:\/\/tzlogistica.com\/wp-content\/uploads\/2024\/07\/bodegas-personal-tz.webp","type":"image\/webp"}],"twitter_card":"summary_large_image","twitter_misc":{"Est. reading time":"2 minutes"},"schema":{"@context":"https:\/\/schema.org","@graph":[{"@type":"WebPage","@id":"https:\/\/tzlogistica.com\/servicios\/almacenaje-contractural-almacenaje-a-largo-plazo\/","url":"https:\/\/tzlogistica.com\/servicios\/almacenaje-contractural-almacenaje-a-largo-plazo\/","name":"Almacenaje a largo plazo - Almacenaje Contractural - Log\u00edstica, Almacenamiento y Distribuci\u00f3n en el Sureste de M\u00e9xico | TZ Log\u00edstica","isPartOf":{"@id":"https:\/\/tzlogistica.com\/#website"},"datePublished":"2023-08-07T21:55:43+00:00","dateModified":"2023-11-04T19:06:39+00:00","description":"Almacenaje a largo plazo para empresas: ideal para empresas que necesitan un servicio de almacenaje a largo plazo \u00a1Obtenga una cotizaci\u00f3n!","breadcrumb":{"@id":"https:\/\/tzlogistica.com\/servicios\/almacenaje-contractural-almacenaje-a-largo-plazo\/#breadcrumb"},"inLanguage":"en-US","potentialAction":[{"@type":"ReadAction","target":["https:\/\/tzlogistica.com\/servicios\/almacenaje-contractural-almacenaje-a-largo-plazo\/"]}]},{"@type":"BreadcrumbList","@id":"https:\/\/tzlogistica.com\/servicios\/almacenaje-contractural-almacenaje-a-largo-plazo\/#breadcrumb","itemListElement":[{"@type":"ListItem","position":1,"name":"Home","item":"https:\/\/tzlogistica.com\/"},{"@type":"ListItem","position":2,"name":"Servicios","item":"https:\/\/tzlogistica.com\/servicios\/"},{"@type":"ListItem","position":3,"name":"Almacenaje Contractural"}]},{"@type":"WebSite","@id":"https:\/\/tzlogistica.com\/#website","url":"https:\/\/tzlogistica.com\/","name":"LOGISTICA INTEGRAL EN EL SURESTE DE M\u00c9XICO. ALMACENAMIENTO Y TRANSPORTE A LA MEDIDA. OPTIMIZA TU CADENA DE SUMINISTRO","description":"Soluciones integrales de log\u00edstica, almacenamiento y distribuci\u00f3n en el sureste de M\u00e9xico. Optimizamos tu operaci\u00f3n con eficiencia y control.","publisher":{"@id":"https:\/\/tzlogistica.com\/#organization"},"alternateName":"Log\u00edstica TZ - LOGISTICA INTEGRAL EN EL SURESTE DE M\u00c9XICO. ALMACENAMIENTO Y TRANSPORTE A LA MEDIDA. OPTIMIZA TU CADENA DE SUMINISTRO","potentialAction":[{"@type":"SearchAction","target":{"@type":"EntryPoint","urlTemplate":"https:\/\/tzlogistica.com\/?s={search_term_string}"},"query-input":"required name=search_term_string"}],"inLanguage":"en-US"},{"@type":"Organization","@id":"https:\/\/tzlogistica.com\/#organization","name":"LOGISTICA INTEGRAL EN EL SURESTE DE M\u00c9XICO. ALMACENAMIENTO Y TRANSPORTE A LA MEDIDA. OPTIMIZA TU CADENA DE SUMINISTRO","alternateName":"Log\u00edstica TZ - Servicios de log\u00edstica y transporte","url":"https:\/\/tzlogistica.com\/","logo":{"@type":"ImageObject","inLanguage":"en-US","@id":"https:\/\/tzlogistica.com\/#\/schema\/logo\/image\/","url":"https:\/\/tzlogistica.com\/wp-content\/uploads\/2023\/03\/logoTZ-1.png","contentUrl":"https:\/\/tzlogistica.com\/wp-content\/uploads\/2023\/03\/logoTZ-1.png","width":550,"height":550,"caption":"LOGISTICA INTEGRAL EN EL SURESTE DE M\u00c9XICO. ALMACENAMIENTO Y TRANSPORTE A LA MEDIDA. OPTIMIZA TU CADENA DE SUMINISTRO"},"image":{"@id":"https:\/\/tzlogistica.com\/#\/schema\/logo\/image\/"},"sameAs":["https:\/\/www.facebook.com\/TZlogistica","https:\/\/www.instagram.com\/tzlogistica\/","https:\/\/www.linkedin.com\/in\/jorge-zozaya\/"],"publishingPrinciples":"https:\/\/tzlogistica.com\/nosotros\/","ownershipFundingInfo":"https:\/\/tzlogistica.com\/equipo\/"}]}},"_links":{"self":[{"href":"https:\/\/tzlogistica.com\/en\/wp-json\/wp\/v2\/pages\/1352","targetHints":{"allow":["GET"]}}],"collection":[{"href":"https:\/\/tzlogistica.com\/en\/wp-json\/wp\/v2\/pages"}],"about":[{"href":"https:\/\/tzlogistica.com\/en\/wp-json\/wp\/v2\/types\/page"}],"author":[{"embeddable":true,"href":"https:\/\/tzlogistica.com\/en\/wp-json\/wp\/v2\/users\/1"}],"replies":[{"embeddable":true,"href":"https:\/\/tzlogistica.com\/en\/wp-json\/wp\/v2\/comments?post=1352"}],"version-history":[{"count":6,"href":"https:\/\/tzlogistica.com\/en\/wp-json\/wp\/v2\/pages\/1352\/revisions"}],"predecessor-version":[{"id":1511,"href":"https:\/\/tzlogistica.com\/en\/wp-json\/wp\/v2\/pages\/1352\/revisions\/1511"}],"up":[{"embeddable":true,"href":"https:\/\/tzlogistica.com\/en\/wp-json\/wp\/v2\/pages\/1093"}],"wp:attachment":[{"href":"https:\/\/tzlogistica.com\/en\/wp-json\/wp\/v2\/media?parent=1352"}],"curies":[{"name":"wp","href":"https:\/\/api.w.org\/{rel}","templated":true}]}}