{"id":1364,"date":"2023-08-07T21:58:15","date_gmt":"2023-08-07T21:58:15","guid":{"rendered":"https:\/\/tzlogistica.com\/?page_id=1364"},"modified":"2024-07-12T10:37:13","modified_gmt":"2024-07-12T16:37:13","slug":"picking-packing-seleccion-y-empaque-de-productos","status":"publish","type":"page","link":"https:\/\/tzlogistica.com\/en\/servicios\/picking-packing-seleccion-y-empaque-de-productos\/","title":{"rendered":"Picking &amp; Packing"},"content":{"rendered":"<section class=\"wpb-content-wrapper\"><div data-vc-full-width=\"true\" data-vc-full-width-init=\"false\" data-vc-stretch-content=\"true\" class=\"vc_row wpb_row top-row porto-inner-container\" data-appear-animation=\"fadeInUp\" data-appear-animation-delay=\"200\"><div class=\"porto-wrap-container container\"><div class=\"row\"><div class=\"vc_column_container col-md-12\"><div class=\"wpb_wrapper vc_column-inner\">\r\n\t<div class=\"wpb_single_image wpb_content_element vc_align_center   rad wpb_custom_81a4f7ef9830bf958462581aa01150fb\"><div class=\"wpb_wrapper\">\r\n\t\t\t\r\n\t\t\t<div class=\"vc_single_image-wrapper   vc_box_border_grey\"><img loading=\"lazy\" decoding=\"async\" width=\"2560\" height=\"720\" src=\"https:\/\/tzlogistica.com\/wp-content\/uploads\/2024\/07\/banners_Picking-and-packing-scaled.jpg\" class=\"vc_single_image-img attachment-full\" alt=\"\" title=\"banners_Picking and packing\" srcset=\"https:\/\/tzlogistica.com\/wp-content\/uploads\/2024\/07\/banners_Picking-and-packing-scaled.jpg 2560w, https:\/\/tzlogistica.com\/wp-content\/uploads\/2024\/07\/banners_Picking-and-packing-1024x288.jpg 1024w, https:\/\/tzlogistica.com\/wp-content\/uploads\/2024\/07\/banners_Picking-and-packing-768x216.jpg 768w, https:\/\/tzlogistica.com\/wp-content\/uploads\/2024\/07\/banners_Picking-and-packing-1536x432.jpg 1536w, https:\/\/tzlogistica.com\/wp-content\/uploads\/2024\/07\/banners_Picking-and-packing-2048x576.jpg 2048w, https:\/\/tzlogistica.com\/wp-content\/uploads\/2024\/07\/banners_Picking-and-packing-640x180.jpg 640w, https:\/\/tzlogistica.com\/wp-content\/uploads\/2024\/07\/banners_Picking-and-packing-400x113.jpg 400w, https:\/\/tzlogistica.com\/wp-content\/uploads\/2024\/07\/banners_Picking-and-packing-367x103.jpg 367w\" sizes=\"auto, (max-width: 2560px) 100vw, 2560px\" \/><\/div>\r\n\t\t<\/div>\r\n\t<\/div>\r\n<\/div><\/div><\/div><\/div><\/div><div class=\"vc_row-full-width vc_clearfix\"><\/div><div class=\"vc_row wpb_row row top-row\"><div class=\"vc_column_container col-md-12\"><div class=\"wpb_wrapper vc_column-inner\"><h2  data-plugin-animated-letters data-plugin-options=\"{&quot;startDelay&quot;:0,&quot;minWindowWidth&quot;:0,&quot;animationName&quot;:&quot;typeWriter&quot;}\" class=\"vc_custom_heading vc_custom_1720106539686 wpb_custom_aa365bd5046e8294520b4e73732b9d15 align-left\" >Two important activities for the supply chain and logistics of a company<\/h2>\r\n\t<div class=\"wpb_text_column  wpb_animate_when_almost_visible wpb_fadeInUp fadeInUp wpb_custom_7c91d232724f73626cc933bd95b25ff0\" >\r\n\t\t<div class=\"wpb_wrapper\">\r\n\t\t\t<p style=\"font-weight: 400; text-align: justify;\">Picking involves the selection and collection of specific products that are in storage, while Packing refers to the process of packaging and preparing products for shipment to customers or final destination.<\/p>\n<p style=\"font-weight: 400; text-align: justify;\">As required, we make the SKUS assortment in detail for the different orders based on the clients&#039; schedule.<\/p>\n<p style=\"font-weight: 400; text-align: justify;\">This service can be contracted in different ways, depending on the needs of the company, freight can be dedicated, in which a truck is used exclusively to transport its load, or consolidated, in which several loads from different clients are combined into one shipping only, reducing costs.<\/p>\n<p style=\"font-weight: 400; text-align: justify;\">Picking and packing are two key processes for the supply chain.<\/p>\n<p style=\"font-weight: 400; text-align: justify;\">Picking is the selection and collection of specific products that are in storage, while packing refers to the process of packaging and preparing products for shipment to customers or final destination.<\/p>\n\r\n\t\t<\/div>\r\n\t<\/div>\r\n<h2  data-plugin-animated-letters data-plugin-options=\"{&quot;startDelay&quot;:0,&quot;minWindowWidth&quot;:0,&quot;animationName&quot;:&quot;typeWriter&quot;}\" class=\"vc_custom_heading vc_custom_1720106519399 wpb_custom_aa365bd5046e8294520b4e73732b9d15 align-left\" >Benefits of picking &amp; packing:<\/h2>\r\n\t<div class=\"wpb_text_column  wpb_animate_when_almost_visible wpb_fadeIn fadeIn wpb_custom_7c91d232724f73626cc933bd95b25ff0\" >\r\n\t\t<div class=\"wpb_wrapper\">\r\n\t\t\t<p style=\"font-weight: 400; text-align: justify;\">Picking &amp; packing offers a series of benefits for companies, among which are:<\/p>\n<ul>\n<li style=\"text-align: justify;\"><strong style=\"color: #1c36b3;\">Supply chain efficiency: <\/strong>Picking &amp; packing can help improve the efficiency of the supply chain, by reducing delivery times and logistics costs.<\/li>\n<li style=\"text-align: justify;\"><strong style=\"color: #1c36b3;\">Improved customer satisfaction: <\/strong>Picking &amp; packing can help improve customer satisfaction by ensuring that products are delivered at the right time and in the right conditions.<\/li>\n<li style=\"text-align: justify;\"><strong style=\"color: #1c36b3;\">Risk reduction: <\/strong>Picking &amp; packing can help reduce the risks of product damage or loss, which can save costs for companies.<\/li>\n<\/ul>\n\r\n\t\t<\/div>\r\n\t<\/div>\r\n\r\n\t<div class=\"wpb_text_column  wpb_custom_7c91d232724f73626cc933bd95b25ff0\" >\r\n\t\t<div class=\"wpb_wrapper\">\r\n\t\t\t<div class=\"porto-block\" data-id=\"1507\"><style>.wpb_custom_6be9de290bd5f99d002ee83e1275fec0.porto-btn{font-weight:500;font-size:16px;}<\/style><div class=\"vc_row wpb_row row top-row\" data-appear-animation=\"fadeInDown\" data-appear-animation-delay=\"200\"><div class=\"vc_column_container col-md-12\"><div class=\"wpb_wrapper vc_column-inner\">\r\n\t<div class=\"wpb_text_column  wpb_custom_7c91d232724f73626cc933bd95b25ff0\" >\r\n\t\t<div class=\"wpb_wrapper\">\r\n\t\t\t<p style=\"font-weight: 400; text-align: justify;\">In <strong style=\"color: #1c36b3;\">TZ Logistics<\/strong> We offer a high-quality contractual storage service that adapts to the needs of each client. Our warehouses are located in strategic areas, have the latest facilities and technology, and are managed by a team of experienced professionals.<\/p>\n<p style=\"font-weight: 400; text-align: justify;\">We offer a wide range of services including:<\/p>\n<ul>\n<li style=\"text-align: justify;\"><strong style=\"color: #1c36b3;\">Storage of palletized products: <\/strong>We store your products on pallets, which allows us to optimize the available space and facilitate handling and transportation operations.<\/li>\n<li style=\"text-align: justify;\"><strong style=\"color: #1c36b3;\">Storage of bulk products: <\/strong>We store your products in bulk, which allows us to offer a more economical and efficient service.<\/li>\n<li style=\"text-align: justify;\"><strong style=\"color: #1c36b3;\">Storage of high value products: <\/strong>We offer customized storage solutions for high-value products, which guarantee their safety and protection.<\/li>\n<\/ul>\n\r\n\t\t<\/div>\r\n\t<\/div>\r\n<div class=\"porto-btn-ctn-left\" data-appear-animation=\"fadeInUp\" data-appear-animation-delay=\"300\"><a class=\"porto-btn porto-adjust-bottom-margin porto-btn-normal porto-btn-top-bg   wpb_custom_6be9de290bd5f99d002ee83e1275fec0  porto-btn-left\"  rel='' href = \"https:\/\/tzlogistica.com\/en\/contacto\/\"  data-hover=\"#ffffff\" data-border-color=\"\" data-bg=\"#1c36b3\" data-hover-bg=\"#0e29b2\" data-border-hover=\"\" data-shadow-click=\"none\" data-shadow=\"\" style=\"border:none;background: #1c36b3;color: #ffffff;\"><span class=\"porto-btn-hover\" style=\"background-color:#0e29b2\"><\/span><span class=\"porto-btn-data porto-btn-text\" >REQUEST INFORMATION<\/span><\/a><\/div><\/div><\/div><\/div><\/div>\n\r\n\t\t<\/div>\r\n\t<\/div>\r\n<\/div><\/div><\/div>\n<\/section>","protected":false},"excerpt":{"rendered":"Two important activities for a company&#039;s supply chain and logistics Picking involves the selection and collection of specific products that are in storage, while Packing refers to the process of packaging and preparing products for shipment to customers or final destination. Depending on the requirements, [...]","protected":false},"author":1,"featured_media":0,"parent":1093,"menu_order":0,"comment_status":"closed","ping_status":"closed","template":"","meta":{"footnotes":""},"class_list":["post-1364","page","type-page","status-publish","hentry"],"yoast_head":"<!-- This site is optimized with the Yoast SEO Premium plugin v20.12 (Yoast SEO v20.12) - https:\/\/yoast.com\/wordpress\/plugins\/seo\/ -->\n<title>Selecci\u00f3n y empaque de productos Picking &amp; Packing - Log\u00edstica, Almacenamiento y Distribuci\u00f3n en el Sureste de M\u00e9xico | TZ Log\u00edstica<\/title>\n<meta name=\"description\" content=\"\u00a1Mejora tu cadena de suministro con nuestro servicio de picking &amp; packing! Selecci\u00f3n y empaque de productos TZ Log\u00edstica\" \/>\n<meta name=\"robots\" content=\"index, follow, max-snippet:-1, max-image-preview:large, max-video-preview:-1\" \/>\n<link rel=\"canonical\" href=\"https:\/\/tzlogistica.com\/en\/servicios\/picking-packing-seleccion-y-empaque-de-productos\/\" \/>\n<meta property=\"og:locale\" content=\"en_US\" \/>\n<meta property=\"og:type\" content=\"article\" \/>\n<meta property=\"og:title\" content=\"Picking &amp; Packing\" \/>\n<meta property=\"og:description\" content=\"\u00a1Mejora tu cadena de suministro con nuestro servicio de picking &amp; packing! Selecci\u00f3n y empaque de productos TZ Log\u00edstica\" \/>\n<meta property=\"og:url\" content=\"https:\/\/tzlogistica.com\/en\/servicios\/picking-packing-seleccion-y-empaque-de-productos\/\" \/>\n<meta property=\"og:site_name\" content=\"Log\u00edstica, Almacenamiento y Distribuci\u00f3n en el Sureste de M\u00e9xico | TZ Log\u00edstica\" \/>\n<meta property=\"article:publisher\" content=\"https:\/\/www.facebook.com\/TZlogistica\" \/>\n<meta property=\"article:modified_time\" content=\"2024-07-12T16:37:13+00:00\" \/>\n<meta property=\"og:image\" content=\"https:\/\/tzlogistica.com\/wp-content\/uploads\/2024\/07\/bodegas-personal-tz.webp\" \/>\n\t<meta property=\"og:image:width\" content=\"1980\" \/>\n\t<meta property=\"og:image:height\" content=\"1011\" \/>\n\t<meta property=\"og:image:type\" content=\"image\/webp\" \/>\n<meta name=\"twitter:card\" content=\"summary_large_image\" \/>\n<meta name=\"twitter:label1\" content=\"Est. reading time\" \/>\n\t<meta name=\"twitter:data1\" content=\"2 minutes\" \/>\n<script type=\"application\/ld+json\" class=\"yoast-schema-graph\">{\"@context\":\"https:\/\/schema.org\",\"@graph\":[{\"@type\":\"WebPage\",\"@id\":\"https:\/\/tzlogistica.com\/servicios\/picking-packing-seleccion-y-empaque-de-productos\/\",\"url\":\"https:\/\/tzlogistica.com\/servicios\/picking-packing-seleccion-y-empaque-de-productos\/\",\"name\":\"Selecci\u00f3n y empaque de productos Picking & Packing - Log\u00edstica, Almacenamiento y Distribuci\u00f3n en el Sureste de M\u00e9xico | TZ Log\u00edstica\",\"isPartOf\":{\"@id\":\"https:\/\/tzlogistica.com\/#website\"},\"datePublished\":\"2023-08-07T21:58:15+00:00\",\"dateModified\":\"2024-07-12T16:37:13+00:00\",\"description\":\"\u00a1Mejora tu cadena de suministro con nuestro servicio de picking & packing! Selecci\u00f3n y empaque de productos TZ Log\u00edstica\",\"breadcrumb\":{\"@id\":\"https:\/\/tzlogistica.com\/servicios\/picking-packing-seleccion-y-empaque-de-productos\/#breadcrumb\"},\"inLanguage\":\"en-US\",\"potentialAction\":[{\"@type\":\"ReadAction\",\"target\":[\"https:\/\/tzlogistica.com\/servicios\/picking-packing-seleccion-y-empaque-de-productos\/\"]}]},{\"@type\":\"BreadcrumbList\",\"@id\":\"https:\/\/tzlogistica.com\/servicios\/picking-packing-seleccion-y-empaque-de-productos\/#breadcrumb\",\"itemListElement\":[{\"@type\":\"ListItem\",\"position\":1,\"name\":\"Home\",\"item\":\"https:\/\/tzlogistica.com\/\"},{\"@type\":\"ListItem\",\"position\":2,\"name\":\"Servicios\",\"item\":\"https:\/\/tzlogistica.com\/servicios\/\"},{\"@type\":\"ListItem\",\"position\":3,\"name\":\"Picking &#038; Packing\"}]},{\"@type\":\"WebSite\",\"@id\":\"https:\/\/tzlogistica.com\/#website\",\"url\":\"https:\/\/tzlogistica.com\/\",\"name\":\"LOGISTICA INTEGRAL EN EL SURESTE DE M\u00c9XICO. ALMACENAMIENTO Y TRANSPORTE A LA MEDIDA. OPTIMIZA TU CADENA DE SUMINISTRO\",\"description\":\"Soluciones integrales de log\u00edstica, almacenamiento y distribuci\u00f3n en el sureste de M\u00e9xico. Optimizamos tu operaci\u00f3n con eficiencia y control.\",\"publisher\":{\"@id\":\"https:\/\/tzlogistica.com\/#organization\"},\"alternateName\":\"Log\u00edstica TZ - LOGISTICA INTEGRAL EN EL SURESTE DE M\u00c9XICO. ALMACENAMIENTO Y TRANSPORTE A LA MEDIDA. OPTIMIZA TU CADENA DE SUMINISTRO\",\"potentialAction\":[{\"@type\":\"SearchAction\",\"target\":{\"@type\":\"EntryPoint\",\"urlTemplate\":\"https:\/\/tzlogistica.com\/?s={search_term_string}\"},\"query-input\":\"required name=search_term_string\"}],\"inLanguage\":\"en-US\"},{\"@type\":\"Organization\",\"@id\":\"https:\/\/tzlogistica.com\/#organization\",\"name\":\"LOGISTICA INTEGRAL EN EL SURESTE DE M\u00c9XICO. ALMACENAMIENTO Y TRANSPORTE A LA MEDIDA. OPTIMIZA TU CADENA DE SUMINISTRO\",\"alternateName\":\"Log\u00edstica TZ - Servicios de log\u00edstica y transporte\",\"url\":\"https:\/\/tzlogistica.com\/\",\"logo\":{\"@type\":\"ImageObject\",\"inLanguage\":\"en-US\",\"@id\":\"https:\/\/tzlogistica.com\/#\/schema\/logo\/image\/\",\"url\":\"https:\/\/tzlogistica.com\/wp-content\/uploads\/2023\/03\/logoTZ-1.png\",\"contentUrl\":\"https:\/\/tzlogistica.com\/wp-content\/uploads\/2023\/03\/logoTZ-1.png\",\"width\":550,\"height\":550,\"caption\":\"LOGISTICA INTEGRAL EN EL SURESTE DE M\u00c9XICO. ALMACENAMIENTO Y TRANSPORTE A LA MEDIDA. OPTIMIZA TU CADENA DE SUMINISTRO\"},\"image\":{\"@id\":\"https:\/\/tzlogistica.com\/#\/schema\/logo\/image\/\"},\"sameAs\":[\"https:\/\/www.facebook.com\/TZlogistica\",\"https:\/\/www.instagram.com\/tzlogistica\/\",\"https:\/\/www.linkedin.com\/in\/jorge-zozaya\/\"],\"publishingPrinciples\":\"https:\/\/tzlogistica.com\/nosotros\/\",\"ownershipFundingInfo\":\"https:\/\/tzlogistica.com\/equipo\/\"}]}<\/script>\n<!-- \/ Yoast SEO Premium plugin. -->","yoast_head_json":{"title":"Selecci\u00f3n y empaque de productos Picking & Packing - Log\u00edstica, Almacenamiento y Distribuci\u00f3n en el Sureste de M\u00e9xico | TZ Log\u00edstica","description":"\u00a1Mejora tu cadena de suministro con nuestro servicio de picking & packing! Selecci\u00f3n y empaque de productos TZ Log\u00edstica","robots":{"index":"index","follow":"follow","max-snippet":"max-snippet:-1","max-image-preview":"max-image-preview:large","max-video-preview":"max-video-preview:-1"},"canonical":"https:\/\/tzlogistica.com\/en\/servicios\/picking-packing-seleccion-y-empaque-de-productos\/","og_locale":"en_US","og_type":"article","og_title":"Picking & Packing","og_description":"\u00a1Mejora tu cadena de suministro con nuestro servicio de picking & packing! Selecci\u00f3n y empaque de productos TZ Log\u00edstica","og_url":"https:\/\/tzlogistica.com\/en\/servicios\/picking-packing-seleccion-y-empaque-de-productos\/","og_site_name":"Log\u00edstica, Almacenamiento y Distribuci\u00f3n en el Sureste de M\u00e9xico | TZ Log\u00edstica","article_publisher":"https:\/\/www.facebook.com\/TZlogistica","article_modified_time":"2024-07-12T16:37:13+00:00","og_image":[{"width":1980,"height":1011,"url":"https:\/\/tzlogistica.com\/wp-content\/uploads\/2024\/07\/bodegas-personal-tz.webp","type":"image\/webp"}],"twitter_card":"summary_large_image","twitter_misc":{"Est. reading time":"2 minutes"},"schema":{"@context":"https:\/\/schema.org","@graph":[{"@type":"WebPage","@id":"https:\/\/tzlogistica.com\/servicios\/picking-packing-seleccion-y-empaque-de-productos\/","url":"https:\/\/tzlogistica.com\/servicios\/picking-packing-seleccion-y-empaque-de-productos\/","name":"Selecci\u00f3n y empaque de productos Picking & Packing - Log\u00edstica, Almacenamiento y Distribuci\u00f3n en el Sureste de M\u00e9xico | TZ Log\u00edstica","isPartOf":{"@id":"https:\/\/tzlogistica.com\/#website"},"datePublished":"2023-08-07T21:58:15+00:00","dateModified":"2024-07-12T16:37:13+00:00","description":"\u00a1Mejora tu cadena de suministro con nuestro servicio de picking & packing! Selecci\u00f3n y empaque de productos TZ Log\u00edstica","breadcrumb":{"@id":"https:\/\/tzlogistica.com\/servicios\/picking-packing-seleccion-y-empaque-de-productos\/#breadcrumb"},"inLanguage":"en-US","potentialAction":[{"@type":"ReadAction","target":["https:\/\/tzlogistica.com\/servicios\/picking-packing-seleccion-y-empaque-de-productos\/"]}]},{"@type":"BreadcrumbList","@id":"https:\/\/tzlogistica.com\/servicios\/picking-packing-seleccion-y-empaque-de-productos\/#breadcrumb","itemListElement":[{"@type":"ListItem","position":1,"name":"Home","item":"https:\/\/tzlogistica.com\/"},{"@type":"ListItem","position":2,"name":"Servicios","item":"https:\/\/tzlogistica.com\/servicios\/"},{"@type":"ListItem","position":3,"name":"Picking &#038; Packing"}]},{"@type":"WebSite","@id":"https:\/\/tzlogistica.com\/#website","url":"https:\/\/tzlogistica.com\/","name":"LOGISTICA INTEGRAL EN EL SURESTE DE M\u00c9XICO. ALMACENAMIENTO Y TRANSPORTE A LA MEDIDA. OPTIMIZA TU CADENA DE SUMINISTRO","description":"Soluciones integrales de log\u00edstica, almacenamiento y distribuci\u00f3n en el sureste de M\u00e9xico. Optimizamos tu operaci\u00f3n con eficiencia y control.","publisher":{"@id":"https:\/\/tzlogistica.com\/#organization"},"alternateName":"Log\u00edstica TZ - LOGISTICA INTEGRAL EN EL SURESTE DE M\u00c9XICO. ALMACENAMIENTO Y TRANSPORTE A LA MEDIDA. OPTIMIZA TU CADENA DE SUMINISTRO","potentialAction":[{"@type":"SearchAction","target":{"@type":"EntryPoint","urlTemplate":"https:\/\/tzlogistica.com\/?s={search_term_string}"},"query-input":"required name=search_term_string"}],"inLanguage":"en-US"},{"@type":"Organization","@id":"https:\/\/tzlogistica.com\/#organization","name":"LOGISTICA INTEGRAL EN EL SURESTE DE M\u00c9XICO. ALMACENAMIENTO Y TRANSPORTE A LA MEDIDA. OPTIMIZA TU CADENA DE SUMINISTRO","alternateName":"Log\u00edstica TZ - Servicios de log\u00edstica y transporte","url":"https:\/\/tzlogistica.com\/","logo":{"@type":"ImageObject","inLanguage":"en-US","@id":"https:\/\/tzlogistica.com\/#\/schema\/logo\/image\/","url":"https:\/\/tzlogistica.com\/wp-content\/uploads\/2023\/03\/logoTZ-1.png","contentUrl":"https:\/\/tzlogistica.com\/wp-content\/uploads\/2023\/03\/logoTZ-1.png","width":550,"height":550,"caption":"LOGISTICA INTEGRAL EN EL SURESTE DE M\u00c9XICO. ALMACENAMIENTO Y TRANSPORTE A LA MEDIDA. OPTIMIZA TU CADENA DE SUMINISTRO"},"image":{"@id":"https:\/\/tzlogistica.com\/#\/schema\/logo\/image\/"},"sameAs":["https:\/\/www.facebook.com\/TZlogistica","https:\/\/www.instagram.com\/tzlogistica\/","https:\/\/www.linkedin.com\/in\/jorge-zozaya\/"],"publishingPrinciples":"https:\/\/tzlogistica.com\/nosotros\/","ownershipFundingInfo":"https:\/\/tzlogistica.com\/equipo\/"}]}},"_links":{"self":[{"href":"https:\/\/tzlogistica.com\/en\/wp-json\/wp\/v2\/pages\/1364","targetHints":{"allow":["GET"]}}],"collection":[{"href":"https:\/\/tzlogistica.com\/en\/wp-json\/wp\/v2\/pages"}],"about":[{"href":"https:\/\/tzlogistica.com\/en\/wp-json\/wp\/v2\/types\/page"}],"author":[{"embeddable":true,"href":"https:\/\/tzlogistica.com\/en\/wp-json\/wp\/v2\/users\/1"}],"replies":[{"embeddable":true,"href":"https:\/\/tzlogistica.com\/en\/wp-json\/wp\/v2\/comments?post=1364"}],"version-history":[{"count":6,"href":"https:\/\/tzlogistica.com\/en\/wp-json\/wp\/v2\/pages\/1364\/revisions"}],"predecessor-version":[{"id":2395,"href":"https:\/\/tzlogistica.com\/en\/wp-json\/wp\/v2\/pages\/1364\/revisions\/2395"}],"up":[{"embeddable":true,"href":"https:\/\/tzlogistica.com\/en\/wp-json\/wp\/v2\/pages\/1093"}],"wp:attachment":[{"href":"https:\/\/tzlogistica.com\/en\/wp-json\/wp\/v2\/media?parent=1364"}],"curies":[{"name":"wp","href":"https:\/\/api.w.org\/{rel}","templated":true}]}}