{"id":67,"date":"2022-05-25T01:02:59","date_gmt":"2022-05-25T01:02:59","guid":{"rendered":"http:\/\/sw-themes.com\/porto_dummy\/?page_id=67"},"modified":"2024-07-29T13:54:48","modified_gmt":"2024-07-29T19:54:48","slug":"nosotros","status":"publish","type":"page","link":"https:\/\/tzlogistica.com\/en\/nosotros\/","title":{"rendered":"About us"},"content":{"rendered":"<section class=\"wpb-content-wrapper\"><div data-vc-full-width=\"true\" data-vc-full-width-init=\"false\" data-vc-stretch-content=\"true\" class=\"vc_row wpb_row top-row vc_custom_1722282758347 porto_stretch_css stretch_row_content_no_spaces_css vc_row-no-padding porto-inner-container\" data-appear-animation=\"fadeInUp\" data-appear-animation-delay=\"200\" data-appear-animation-duration=\"1400\"><div class=\"porto-wrap-container container\"><div class=\"row\"><div class=\"vc_column_container col-md-12\"><div class=\"wpb_wrapper vc_column-inner\">\r\n\t<div class=\"wpb_single_image wpb_content_element vc_align_center   rad wpb_custom_81a4f7ef9830bf958462581aa01150fb\"><div class=\"wpb_wrapper\">\r\n\t\t\t\r\n\t\t\t<div class=\"vc_single_image-wrapper   vc_box_border_grey\"><img loading=\"lazy\" decoding=\"async\" width=\"1120\" height=\"213\" src=\"https:\/\/tzlogistica.com\/wp-content\/uploads\/2024\/07\/flechas-2.gif\" class=\"vc_single_image-img attachment-full\" alt=\"\" title=\"About Us\" \/><\/div>\r\n\t\t<\/div>\r\n\t<\/div>\r\n<\/div><\/div><\/div><\/div><\/div><div class=\"vc_row-full-width vc_clearfix\"><\/div><div data-vc-full-width=\"true\" data-vc-full-width-init=\"false\" data-vc-stretch-content=\"true\" class=\"vc_row wpb_row top-row vc_custom_1722282849134 porto_stretch_css stretch_row_content_no_spaces_css vc_row-no-padding vc_row-o-equal-height vc_row-flex porto-inner-container\"><div class=\"porto-wrap-container container\"><div class=\"row align-items-center\"><div class=\"bg-col-azul vc_column_container col-md-6 vc_custom_1720084907890\"><div class=\"wpb_wrapper vc_column-inner\">\r\n\t<div class=\"wpb_text_column  wpb_animate_when_almost_visible wpb_fadeInLeft fadeInLeft wpb_custom_7c91d232724f73626cc933bd95b25ff0\" >\r\n\t\t<div class=\"wpb_wrapper\">\r\n\t\t\t<h2 style=\"color: #ffffff; text-align: left;\">Founded in 1975<\/h2>\n<p style=\"text-align: left; color: #fff;\">by Mr. \u00c1lvaro Zozaya Santana, TZ Log\u00edstica began as a company with freight service. The business continued to grow and in 1990, after the incorporation of Jorge Carlos Zozaya Castilla, we saw exponential growth in the logistics capabilities of the business, offering distribution services to international companies.<\/p>\n<p>&nbsp;<\/p>\n<h2 style=\"color: #ffffff; text-align: left;\">Update yourself,<\/h2>\n<p style=\"text-align: left; color: #fff;\">At TZ Logistics we have become a company with the experience and knowledge of 3 generations. Maintaining 48 years in the industry, we have grown as professionals and supported the Mexican market by offering reception, storage and distribution services throughout the entire southeast.<\/p>\n<p>&nbsp;<\/p>\n\r\n\t\t<\/div>\r\n\t<\/div>\r\n<\/div><\/div><div class=\"ima-col-padd vc_column_container col-md-6\"><div class=\"wpb_wrapper vc_column-inner\">\r\n\t<div class=\"wpb_single_image wpb_content_element vc_align_center   imagen-margen wpb_custom_81a4f7ef9830bf958462581aa01150fb\" data-appear-animation=\"fadeInRight\" data-appear-animation-delay=\"300\" data-appear-animation-duration=\"1400\"><div class=\"wpb_wrapper\">\r\n\t\t\t\r\n\t\t\t<div class=\"vc_single_image-wrapper   vc_box_border_grey\"><img loading=\"lazy\" decoding=\"async\" width=\"1280\" height=\"1547\" src=\"https:\/\/tzlogistica.com\/wp-content\/uploads\/2024\/07\/grupo-tz.webp\" class=\"vc_single_image-img attachment-full\" alt=\"\" title=\"group-tz\" srcset=\"https:\/\/tzlogistica.com\/wp-content\/uploads\/2024\/07\/grupo-tz.webp 1280w, https:\/\/tzlogistica.com\/wp-content\/uploads\/2024\/07\/grupo-tz-847x1024.webp 847w, https:\/\/tzlogistica.com\/wp-content\/uploads\/2024\/07\/grupo-tz-768x928.webp 768w, https:\/\/tzlogistica.com\/wp-content\/uploads\/2024\/07\/grupo-tz-1271x1536.webp 1271w, https:\/\/tzlogistica.com\/wp-content\/uploads\/2024\/07\/grupo-tz-640x774.webp 640w, https:\/\/tzlogistica.com\/wp-content\/uploads\/2024\/07\/grupo-tz-400x483.webp 400w, https:\/\/tzlogistica.com\/wp-content\/uploads\/2024\/07\/grupo-tz-367x444.webp 367w\" sizes=\"auto, (max-width: 1280px) 100vw, 1280px\" \/><\/div>\r\n\t\t<\/div>\r\n\t<\/div>\r\n<\/div><\/div><\/div><\/div><\/div><div class=\"vc_row-full-width vc_clearfix\"><\/div><div data-vc-full-width=\"true\" data-vc-full-width-init=\"false\" data-vc-stretch-content=\"true\" class=\"vc_row wpb_row top-row vc_custom_1722281714640 porto_stretch_css stretch_row_content_css vc_row-o-equal-height vc_row-flex porto-inner-container\"><div class=\"porto-wrap-container container\"><div class=\"row align-items-start vc_column-gap-35\"><div class=\"vc_column_container col-md-4\"><div class=\"wpb_wrapper vc_column-inner\">\r\n\t<div class=\"wpb_single_image wpb_content_element vc_align_center  wpb_custom_81a4f7ef9830bf958462581aa01150fb\" data-appear-animation=\"fadeInDown\" data-appear-animation-delay=\"300\" data-appear-animation-duration=\"1200\"><div class=\"wpb_wrapper\">\r\n\t\t\t\r\n\t\t\t<div class=\"vc_single_image-wrapper   vc_box_border_grey\"><img loading=\"lazy\" decoding=\"async\" width=\"1980\" height=\"1011\" src=\"https:\/\/tzlogistica.com\/wp-content\/uploads\/2024\/07\/bodegas-personal-tz.webp\" class=\"vc_single_image-img attachment-full\" alt=\"\" title=\"wineries-personal-tz\" srcset=\"https:\/\/tzlogistica.com\/wp-content\/uploads\/2024\/07\/bodegas-personal-tz.webp 1980w, https:\/\/tzlogistica.com\/wp-content\/uploads\/2024\/07\/bodegas-personal-tz-1024x523.webp 1024w, https:\/\/tzlogistica.com\/wp-content\/uploads\/2024\/07\/bodegas-personal-tz-768x392.webp 768w, https:\/\/tzlogistica.com\/wp-content\/uploads\/2024\/07\/bodegas-personal-tz-1536x784.webp 1536w, https:\/\/tzlogistica.com\/wp-content\/uploads\/2024\/07\/bodegas-personal-tz-640x327.webp 640w, https:\/\/tzlogistica.com\/wp-content\/uploads\/2024\/07\/bodegas-personal-tz-400x204.webp 400w, https:\/\/tzlogistica.com\/wp-content\/uploads\/2024\/07\/bodegas-personal-tz-367x187.webp 367w\" sizes=\"auto, (max-width: 1980px) 100vw, 1980px\" \/><\/div>\r\n\t\t<\/div>\r\n\t<\/div>\r\n<\/div><\/div><div class=\"borde-azul vc_column_container col-md-8\"><div class=\"wpb_wrapper vc_column-inner\">\r\n\t<div class=\"wpb_text_column  wpb_animate_when_almost_visible wpb_fadeInUp fadeInUp wpb_custom_7c91d232724f73626cc933bd95b25ff0\" >\r\n\t\t<div class=\"wpb_wrapper\">\r\n\t\t\t<p><strong style=\"color: #1c36b3;\">Today we feel prouder than ever<\/strong> to be part of the world of logistics, marking a before and after for this turn. We appreciate the preference of our clients, and we reinforce our commitment to their companies, which has led us to become a <strong style=\"color: #1c36b3;\">leading national company<\/strong>.<\/p>\n\r\n\t\t<\/div>\r\n\t<\/div>\r\n<\/div><\/div><\/div><\/div><\/div><div class=\"vc_row-full-width vc_clearfix\"><\/div><div data-vc-full-width=\"true\" data-vc-full-width-init=\"false\" data-vc-stretch-content=\"true\" class=\"vc_row wpb_row top-row vc_custom_1722281998162 porto_stretch_css stretch_row_content_css vc_row-o-equal-height vc_row-flex porto-inner-container\" data-appear-animation=\"fadeIn\" data-appear-animation-delay=\"300\"><div class=\"porto-wrap-container container\"><div class=\"row align-items-center\"><div class=\"contenedor-frase vc_column_container col-md-12\"><div class=\"wpb_wrapper vc_column-inner\">\r\n\t<div class=\"wpb_text_column  wpb_custom_7c91d232724f73626cc933bd95b25ff0\" >\r\n\t\t<div class=\"wpb_wrapper\">\r\n\t\t\t<p style=\"text-align: center; color: #1c36b3;\"><strong>\u201cRest assured that we will provide specialized and reliable logistics attention for the growth of your business.\u201d<\/strong><\/p>\n<p style=\"text-align: center; color: #1c36b3;\">\u2013 Lic. Jorge Carlos Zozaya<\/p>\n<p style=\"text-align: center; color: #1c36b3;\">Managing Director<\/p>\n\r\n\t\t<\/div>\r\n\t<\/div>\r\n<\/div><\/div><\/div><\/div><\/div><div class=\"vc_row-full-width vc_clearfix\"><\/div><div data-vc-full-width=\"true\" data-vc-full-width-init=\"false\" data-vc-stretch-content=\"true\" class=\"vc_row wpb_row top-row vc_custom_1722282800447 porto_stretch_css stretch_row_content_no_spaces_css vc_row-no-padding vc_row-o-equal-height vc_row-flex porto-inner-container\"><div class=\"porto-wrap-container container\"><div class=\"row align-items-end\"><div class=\"vc_column_container col-md-6\"><div class=\"wpb_wrapper vc_column-inner\"><h2 style=\"font-size: 45px;color: #1c36b3;font-weight:600\" data-plugin-animated-letters data-plugin-options=\"{&quot;startDelay&quot;:0,&quot;minWindowWidth&quot;:0,&quot;animationName&quot;:&quot;typeWriter&quot;}\" class=\"vc_custom_heading wpb_custom_aa365bd5046e8294520b4e73732b9d15 align-left\" >Trainings<\/h2><h2 style=\"font-size: 45px;color: #1c36b3;font-weight:300\" data-plugin-animated-letters data-plugin-options=\"{&quot;startDelay&quot;:0,&quot;minWindowWidth&quot;:0,&quot;animationSpeed&quot;:100,&quot;animationName&quot;:&quot;fadeIn&quot;}\" class=\"vc_custom_heading wpb_custom_aa365bd5046e8294520b4e73732b9d15 align-left\" >most recent<\/h2>\r\n\t<div class=\"wpb_single_image wpb_content_element vc_align_center  vc_custom_1720771006012  tamanioima wpb_custom_81a4f7ef9830bf958462581aa01150fb\" data-appear-animation=\"fadeInLeft\" data-appear-animation-delay=\"300\" data-appear-animation-duration=\"1200\"><div class=\"wpb_wrapper\">\r\n\t\t\t\r\n\t\t\t<div class=\"vc_single_image-wrapper   vc_box_border_grey\"><img loading=\"lazy\" decoding=\"async\" width=\"1200\" height=\"936\" src=\"https:\/\/tzlogistica.com\/wp-content\/uploads\/2024\/07\/capacitaciones.webp\" class=\"vc_single_image-img attachment-full\" alt=\"\" title=\"training\" srcset=\"https:\/\/tzlogistica.com\/wp-content\/uploads\/2024\/07\/capacitaciones.webp 1200w, https:\/\/tzlogistica.com\/wp-content\/uploads\/2024\/07\/capacitaciones-1024x799.webp 1024w, https:\/\/tzlogistica.com\/wp-content\/uploads\/2024\/07\/capacitaciones-768x599.webp 768w, https:\/\/tzlogistica.com\/wp-content\/uploads\/2024\/07\/capacitaciones-640x499.webp 640w, https:\/\/tzlogistica.com\/wp-content\/uploads\/2024\/07\/capacitaciones-400x312.webp 400w, https:\/\/tzlogistica.com\/wp-content\/uploads\/2024\/07\/capacitaciones-367x286.webp 367w\" sizes=\"auto, (max-width: 1200px) 100vw, 1200px\" \/><\/div>\r\n\t\t<\/div>\r\n\t<\/div>\r\n<\/div><\/div><div class=\"vc_column_container col-md-6\"><div class=\"wpb_wrapper vc_column-inner\">\r\n\t<div class=\"wpb_single_image wpb_content_element vc_align_center  vc_custom_1720098381896 wpb_custom_81a4f7ef9830bf958462581aa01150fb\" data-appear-animation=\"fadeInRight\" data-appear-animation-delay=\"400\" data-appear-animation-duration=\"1300\"><div class=\"wpb_wrapper\">\r\n\t\t\t\r\n\t\t\t<div class=\"vc_single_image-wrapper   vc_box_border_grey\"><img loading=\"lazy\" decoding=\"async\" width=\"1980\" height=\"1850\" src=\"https:\/\/tzlogistica.com\/wp-content\/uploads\/2024\/07\/informacion-capacitaciones.webp\" class=\"vc_single_image-img attachment-full\" alt=\"\" title=\"training information\" srcset=\"https:\/\/tzlogistica.com\/wp-content\/uploads\/2024\/07\/informacion-capacitaciones.webp 1980w, https:\/\/tzlogistica.com\/wp-content\/uploads\/2024\/07\/informacion-capacitaciones-1024x957.webp 1024w, https:\/\/tzlogistica.com\/wp-content\/uploads\/2024\/07\/informacion-capacitaciones-768x718.webp 768w, https:\/\/tzlogistica.com\/wp-content\/uploads\/2024\/07\/informacion-capacitaciones-1536x1435.webp 1536w, https:\/\/tzlogistica.com\/wp-content\/uploads\/2024\/07\/informacion-capacitaciones-640x598.webp 640w, https:\/\/tzlogistica.com\/wp-content\/uploads\/2024\/07\/informacion-capacitaciones-400x374.webp 400w, https:\/\/tzlogistica.com\/wp-content\/uploads\/2024\/07\/informacion-capacitaciones-367x343.webp 367w\" sizes=\"auto, (max-width: 1980px) 100vw, 1980px\" \/><\/div>\r\n\t\t<\/div>\r\n\t<\/div>\r\n<\/div><\/div><\/div><\/div><\/div><div class=\"vc_row-full-width vc_clearfix\"><\/div><div data-vc-full-width=\"true\" data-vc-full-width-init=\"false\" data-vc-stretch-content=\"true\" class=\"vc_row wpb_row top-row vc_custom_1722282875228 porto_stretch_css stretch_row_content_no_spaces_css vc_row-no-padding porto-inner-container\" data-appear-animation=\"fadeInUp\" data-appear-animation-delay=\"300\" data-appear-animation-duration=\"1300\"><div class=\"porto-wrap-container container\"><div class=\"row\"><div class=\"vc_column_container col-md-12\"><div class=\"wpb_wrapper vc_column-inner\">\r\n\t<div class=\"wpb_single_image wpb_content_element vc_align_center  wpb_custom_81a4f7ef9830bf958462581aa01150fb\"><div class=\"wpb_wrapper\">\r\n\t\t\t\r\n\t\t\t<div class=\"vc_single_image-wrapper   vc_box_border_grey\"><img loading=\"lazy\" decoding=\"async\" width=\"2560\" height=\"536\" src=\"https:\/\/tzlogistica.com\/wp-content\/uploads\/2024\/07\/bannersss-2.png\" class=\"vc_single_image-img attachment-full\" alt=\"\" title=\"Our company\" srcset=\"https:\/\/tzlogistica.com\/wp-content\/uploads\/2024\/07\/bannersss-2.png 2560w, https:\/\/tzlogistica.com\/wp-content\/uploads\/2024\/07\/bannersss-2-1024x214.png 1024w, https:\/\/tzlogistica.com\/wp-content\/uploads\/2024\/07\/bannersss-2-768x161.png 768w, https:\/\/tzlogistica.com\/wp-content\/uploads\/2024\/07\/bannersss-2-1536x321.png 1536w, https:\/\/tzlogistica.com\/wp-content\/uploads\/2024\/07\/bannersss-2-2048x428.png 2048w, https:\/\/tzlogistica.com\/wp-content\/uploads\/2024\/07\/bannersss-2-640x134.png 640w, https:\/\/tzlogistica.com\/wp-content\/uploads\/2024\/07\/bannersss-2-400x84.png 400w, https:\/\/tzlogistica.com\/wp-content\/uploads\/2024\/07\/bannersss-2-367x77.png 367w\" sizes=\"auto, (max-width: 2560px) 100vw, 2560px\" \/><\/div>\r\n\t\t<\/div>\r\n\t<\/div>\r\n<\/div><\/div><\/div><\/div><\/div><div class=\"vc_row-full-width vc_clearfix\"><\/div><div data-vc-full-width=\"true\" data-vc-full-width-init=\"false\" data-vc-stretch-content=\"true\" class=\"vc_row wpb_row top-row vc_custom_1722282882314 porto_stretch_css stretch_row_content_no_spaces_css vc_row-no-padding porto-inner-container\"><div class=\"porto-wrap-container container\"><div class=\"row\"><div class=\"vc_column_container col-md-12\"><div class=\"wpb_wrapper vc_column-inner\">\r\n\t<div class=\"wpb_text_column  wpb_custom_7c91d232724f73626cc933bd95b25ff0\" >\r\n\t\t<div class=\"wpb_wrapper\">\r\n\t\t\t<p style=\"text-align: left;\">We understand the importance of having top quality facilities and transportation to guarantee that our clients receive their merchandise in a safe manner. <strong style=\"color: #1c36b3;\">safe, fast and efficient<\/strong>. That is why we have invested significantly in equipment and knowledge, ensuring that our services are of the highest quality.<\/p>\n<h3 style=\"text-align: center;\">We use <strong style=\"color: #1c36b3;\">advanced inventory management and product tracking systems with proprietary technologies (WMS-TZ)<\/strong> to ensure that each item is carefully cataloged and stored in its corresponding place.<\/h3>\n<p style=\"text-align: left;\"><strong style=\"color: #1c36b3;\">We are committed to innovation<\/strong>, so we are constantly searching for new technologies and tools that help us further improve our facilities and services. All of this translates into a superior shipping experience for our customers, who can trust us to deliver their products safely and efficiently.<\/p>\n\r\n\t\t<\/div>\r\n\t<\/div>\r\n<\/div><\/div><\/div><\/div><\/div><div class=\"vc_row-full-width vc_clearfix\"><\/div>\n<\/section>","protected":false},"excerpt":{"rendered":"Founded in 1975 by Mr. Alvaro Zozaya Santana, TZ Log\u00edstica started as a company with freight services. The business continued to grow and in 1990, after the incorporation of Jorge Carlos Zozaya Castilla, we saw an exponential growth in the logistics capabilities of the business, offering distribution services to international companies. Currently, TZ Log\u00edstica is a [...]","protected":false},"author":1,"featured_media":0,"parent":0,"menu_order":0,"comment_status":"closed","ping_status":"closed","template":"","meta":{"footnotes":""},"class_list":["post-67","page","type-page","status-publish","hentry"],"yoast_head":"<!-- This site is optimized with the Yoast SEO Premium plugin v20.12 (Yoast SEO v20.12) - https:\/\/yoast.com\/wordpress\/plugins\/seo\/ -->\n<title>Sobre Nosotros - Log\u00edstica, Almacenamiento y Distribuci\u00f3n en el Sureste de M\u00e9xico | TZ Log\u00edstica<\/title>\n<meta name=\"robots\" content=\"index, follow, max-snippet:-1, max-image-preview:large, max-video-preview:-1\" \/>\n<link rel=\"canonical\" href=\"https:\/\/tzlogistica.com\/en\/nosotros\/\" \/>\n<meta property=\"og:locale\" content=\"en_US\" \/>\n<meta property=\"og:type\" content=\"article\" \/>\n<meta property=\"og:title\" content=\"Sobre Nosotros\" \/>\n<meta property=\"og:url\" content=\"https:\/\/tzlogistica.com\/en\/nosotros\/\" \/>\n<meta property=\"og:site_name\" content=\"Log\u00edstica, Almacenamiento y Distribuci\u00f3n en el Sureste de M\u00e9xico | TZ Log\u00edstica\" \/>\n<meta property=\"article:publisher\" content=\"https:\/\/www.facebook.com\/TZlogistica\" \/>\n<meta property=\"article:modified_time\" content=\"2024-07-29T19:54:48+00:00\" \/>\n<meta property=\"og:image\" content=\"https:\/\/tzlogistica.com\/wp-content\/uploads\/2024\/07\/bodegas-personal-tz.webp\" \/>\n\t<meta property=\"og:image:width\" content=\"1980\" \/>\n\t<meta property=\"og:image:height\" content=\"1011\" \/>\n\t<meta property=\"og:image:type\" content=\"image\/webp\" \/>\n<meta name=\"twitter:card\" content=\"summary_large_image\" \/>\n<meta name=\"twitter:label1\" content=\"Est. reading time\" \/>\n\t<meta name=\"twitter:data1\" content=\"3 minutes\" \/>\n<script type=\"application\/ld+json\" class=\"yoast-schema-graph\">{\"@context\":\"https:\/\/schema.org\",\"@graph\":[{\"@type\":\"WebPage\",\"@id\":\"https:\/\/tzlogistica.com\/nosotros\/\",\"url\":\"https:\/\/tzlogistica.com\/nosotros\/\",\"name\":\"Sobre Nosotros - Log\u00edstica, Almacenamiento y Distribuci\u00f3n en el Sureste de M\u00e9xico | TZ Log\u00edstica\",\"isPartOf\":{\"@id\":\"https:\/\/tzlogistica.com\/#website\"},\"datePublished\":\"2022-05-25T01:02:59+00:00\",\"dateModified\":\"2024-07-29T19:54:48+00:00\",\"breadcrumb\":{\"@id\":\"https:\/\/tzlogistica.com\/nosotros\/#breadcrumb\"},\"inLanguage\":\"en-US\",\"potentialAction\":[{\"@type\":\"ReadAction\",\"target\":[\"https:\/\/tzlogistica.com\/nosotros\/\"]}]},{\"@type\":\"BreadcrumbList\",\"@id\":\"https:\/\/tzlogistica.com\/nosotros\/#breadcrumb\",\"itemListElement\":[{\"@type\":\"ListItem\",\"position\":1,\"name\":\"Home\",\"item\":\"https:\/\/tzlogistica.com\/\"},{\"@type\":\"ListItem\",\"position\":2,\"name\":\"Sobre Nosotros\"}]},{\"@type\":\"WebSite\",\"@id\":\"https:\/\/tzlogistica.com\/#website\",\"url\":\"https:\/\/tzlogistica.com\/\",\"name\":\"LOGISTICA INTEGRAL EN EL SURESTE DE M\u00c9XICO. ALMACENAMIENTO Y TRANSPORTE A LA MEDIDA. OPTIMIZA TU CADENA DE SUMINISTRO\",\"description\":\"Soluciones integrales de log\u00edstica, almacenamiento y distribuci\u00f3n en el sureste de M\u00e9xico. Optimizamos tu operaci\u00f3n con eficiencia y control.\",\"publisher\":{\"@id\":\"https:\/\/tzlogistica.com\/#organization\"},\"alternateName\":\"Log\u00edstica TZ - LOGISTICA INTEGRAL EN EL SURESTE DE M\u00c9XICO. ALMACENAMIENTO Y TRANSPORTE A LA MEDIDA. OPTIMIZA TU CADENA DE SUMINISTRO\",\"potentialAction\":[{\"@type\":\"SearchAction\",\"target\":{\"@type\":\"EntryPoint\",\"urlTemplate\":\"https:\/\/tzlogistica.com\/?s={search_term_string}\"},\"query-input\":\"required name=search_term_string\"}],\"inLanguage\":\"en-US\"},{\"@type\":\"Organization\",\"@id\":\"https:\/\/tzlogistica.com\/#organization\",\"name\":\"LOGISTICA INTEGRAL EN EL SURESTE DE M\u00c9XICO. ALMACENAMIENTO Y TRANSPORTE A LA MEDIDA. OPTIMIZA TU CADENA DE SUMINISTRO\",\"alternateName\":\"Log\u00edstica TZ - Servicios de log\u00edstica y transporte\",\"url\":\"https:\/\/tzlogistica.com\/\",\"logo\":{\"@type\":\"ImageObject\",\"inLanguage\":\"en-US\",\"@id\":\"https:\/\/tzlogistica.com\/#\/schema\/logo\/image\/\",\"url\":\"https:\/\/tzlogistica.com\/wp-content\/uploads\/2023\/03\/logoTZ-1.png\",\"contentUrl\":\"https:\/\/tzlogistica.com\/wp-content\/uploads\/2023\/03\/logoTZ-1.png\",\"width\":550,\"height\":550,\"caption\":\"LOGISTICA INTEGRAL EN EL SURESTE DE M\u00c9XICO. ALMACENAMIENTO Y TRANSPORTE A LA MEDIDA. OPTIMIZA TU CADENA DE SUMINISTRO\"},\"image\":{\"@id\":\"https:\/\/tzlogistica.com\/#\/schema\/logo\/image\/\"},\"sameAs\":[\"https:\/\/www.facebook.com\/TZlogistica\",\"https:\/\/www.instagram.com\/tzlogistica\/\",\"https:\/\/www.linkedin.com\/in\/jorge-zozaya\/\"],\"publishingPrinciples\":\"https:\/\/tzlogistica.com\/nosotros\/\",\"ownershipFundingInfo\":\"https:\/\/tzlogistica.com\/equipo\/\"}]}<\/script>\n<!-- \/ Yoast SEO Premium plugin. -->","yoast_head_json":{"title":"Sobre Nosotros - Log\u00edstica, Almacenamiento y Distribuci\u00f3n en el Sureste de M\u00e9xico | TZ Log\u00edstica","robots":{"index":"index","follow":"follow","max-snippet":"max-snippet:-1","max-image-preview":"max-image-preview:large","max-video-preview":"max-video-preview:-1"},"canonical":"https:\/\/tzlogistica.com\/en\/nosotros\/","og_locale":"en_US","og_type":"article","og_title":"Sobre Nosotros","og_url":"https:\/\/tzlogistica.com\/en\/nosotros\/","og_site_name":"Log\u00edstica, Almacenamiento y Distribuci\u00f3n en el Sureste de M\u00e9xico | TZ Log\u00edstica","article_publisher":"https:\/\/www.facebook.com\/TZlogistica","article_modified_time":"2024-07-29T19:54:48+00:00","og_image":[{"width":1980,"height":1011,"url":"https:\/\/tzlogistica.com\/wp-content\/uploads\/2024\/07\/bodegas-personal-tz.webp","type":"image\/webp"}],"twitter_card":"summary_large_image","twitter_misc":{"Est. reading time":"3 minutes"},"schema":{"@context":"https:\/\/schema.org","@graph":[{"@type":"WebPage","@id":"https:\/\/tzlogistica.com\/nosotros\/","url":"https:\/\/tzlogistica.com\/nosotros\/","name":"Sobre Nosotros - Log\u00edstica, Almacenamiento y Distribuci\u00f3n en el Sureste de M\u00e9xico | TZ Log\u00edstica","isPartOf":{"@id":"https:\/\/tzlogistica.com\/#website"},"datePublished":"2022-05-25T01:02:59+00:00","dateModified":"2024-07-29T19:54:48+00:00","breadcrumb":{"@id":"https:\/\/tzlogistica.com\/nosotros\/#breadcrumb"},"inLanguage":"en-US","potentialAction":[{"@type":"ReadAction","target":["https:\/\/tzlogistica.com\/nosotros\/"]}]},{"@type":"BreadcrumbList","@id":"https:\/\/tzlogistica.com\/nosotros\/#breadcrumb","itemListElement":[{"@type":"ListItem","position":1,"name":"Home","item":"https:\/\/tzlogistica.com\/"},{"@type":"ListItem","position":2,"name":"Sobre Nosotros"}]},{"@type":"WebSite","@id":"https:\/\/tzlogistica.com\/#website","url":"https:\/\/tzlogistica.com\/","name":"LOGISTICA INTEGRAL EN EL SURESTE DE M\u00c9XICO. ALMACENAMIENTO Y TRANSPORTE A LA MEDIDA. OPTIMIZA TU CADENA DE SUMINISTRO","description":"Soluciones integrales de log\u00edstica, almacenamiento y distribuci\u00f3n en el sureste de M\u00e9xico. Optimizamos tu operaci\u00f3n con eficiencia y control.","publisher":{"@id":"https:\/\/tzlogistica.com\/#organization"},"alternateName":"Log\u00edstica TZ - LOGISTICA INTEGRAL EN EL SURESTE DE M\u00c9XICO. ALMACENAMIENTO Y TRANSPORTE A LA MEDIDA. OPTIMIZA TU CADENA DE SUMINISTRO","potentialAction":[{"@type":"SearchAction","target":{"@type":"EntryPoint","urlTemplate":"https:\/\/tzlogistica.com\/?s={search_term_string}"},"query-input":"required name=search_term_string"}],"inLanguage":"en-US"},{"@type":"Organization","@id":"https:\/\/tzlogistica.com\/#organization","name":"LOGISTICA INTEGRAL EN EL SURESTE DE M\u00c9XICO. ALMACENAMIENTO Y TRANSPORTE A LA MEDIDA. OPTIMIZA TU CADENA DE SUMINISTRO","alternateName":"Log\u00edstica TZ - Servicios de log\u00edstica y transporte","url":"https:\/\/tzlogistica.com\/","logo":{"@type":"ImageObject","inLanguage":"en-US","@id":"https:\/\/tzlogistica.com\/#\/schema\/logo\/image\/","url":"https:\/\/tzlogistica.com\/wp-content\/uploads\/2023\/03\/logoTZ-1.png","contentUrl":"https:\/\/tzlogistica.com\/wp-content\/uploads\/2023\/03\/logoTZ-1.png","width":550,"height":550,"caption":"LOGISTICA INTEGRAL EN EL SURESTE DE M\u00c9XICO. ALMACENAMIENTO Y TRANSPORTE A LA MEDIDA. OPTIMIZA TU CADENA DE SUMINISTRO"},"image":{"@id":"https:\/\/tzlogistica.com\/#\/schema\/logo\/image\/"},"sameAs":["https:\/\/www.facebook.com\/TZlogistica","https:\/\/www.instagram.com\/tzlogistica\/","https:\/\/www.linkedin.com\/in\/jorge-zozaya\/"],"publishingPrinciples":"https:\/\/tzlogistica.com\/nosotros\/","ownershipFundingInfo":"https:\/\/tzlogistica.com\/equipo\/"}]}},"_links":{"self":[{"href":"https:\/\/tzlogistica.com\/en\/wp-json\/wp\/v2\/pages\/67","targetHints":{"allow":["GET"]}}],"collection":[{"href":"https:\/\/tzlogistica.com\/en\/wp-json\/wp\/v2\/pages"}],"about":[{"href":"https:\/\/tzlogistica.com\/en\/wp-json\/wp\/v2\/types\/page"}],"author":[{"embeddable":true,"href":"https:\/\/tzlogistica.com\/en\/wp-json\/wp\/v2\/users\/1"}],"replies":[{"embeddable":true,"href":"https:\/\/tzlogistica.com\/en\/wp-json\/wp\/v2\/comments?post=67"}],"version-history":[{"count":116,"href":"https:\/\/tzlogistica.com\/en\/wp-json\/wp\/v2\/pages\/67\/revisions"}],"predecessor-version":[{"id":2514,"href":"https:\/\/tzlogistica.com\/en\/wp-json\/wp\/v2\/pages\/67\/revisions\/2514"}],"wp:attachment":[{"href":"https:\/\/tzlogistica.com\/en\/wp-json\/wp\/v2\/media?parent=67"}],"curies":[{"name":"wp","href":"https:\/\/api.w.org\/{rel}","templated":true}]}}